{"id":7246,"date":"2020-05-26T15:10:59","date_gmt":"2020-05-26T13:10:59","guid":{"rendered":"https:\/\/abamobile.com\/web\/?page_id=7246"},"modified":"2024-04-17T10:22:00","modified_gmt":"2024-04-17T08:22:00","slug":"ofertas-de-empleo","status":"publish","type":"page","link":"https:\/\/abamobile.com\/web\/ofertas-de-empleo\/","title":{"rendered":"Ofertas de Empleo"},"content":{"rendered":"\n<style type=\"text\/css\" data-created_by=\"avia_inline_auto\" id=\"style-css-av-xm6wda-bebe05a2c2b48a90948379827143b5fc\">\n.avia-section.av-xm6wda-bebe05a2c2b48a90948379827143b5fc .av-parallax .av-parallax-inner{\nbackground-repeat:no-repeat;\nbackground-image:url(https:\/\/abamobile.com\/web\/wp-content\/uploads\/2024\/04\/equipo-desarrolladores-de-apps-ABAMobile.webp);\nbackground-position:50% 50%;\nbackground-attachment:scroll;\n}\n.avia-section.av-xm6wda-bebe05a2c2b48a90948379827143b5fc .av-section-color-overlay{\nopacity:0.6;\nbackground-color:#000000;\n}\n<\/style>\n<div id='av_section_1'  class='avia-section av-xm6wda-bebe05a2c2b48a90948379827143b5fc main_color avia-section-default avia-no-border-styling  avia-builder-el-0  el_before_av_section  avia-builder-el-first  av-parallax-section avia-bg-style-parallax av-section-color-overlay-active container_wrap fullsize'  data-section-bg-repeat='no-repeat'><div class='av-parallax' data-avia-parallax-ratio='0.3' ><div class='av-parallax-inner main_color avia-full-stretch'><\/div><\/div><div class='av-section-color-overlay-wrap'><div class=\"av-section-color-overlay\"><\/div><div class='container av-section-cont-open' ><main  role=\"main\" itemprop=\"mainContentOfPage\"  class='template-page content  av-content-full alpha units'><div class='post-entry post-entry-type-page post-entry-7246'><div class='entry-content-wrapper clearfix'>\n\n<style type=\"text\/css\" data-created_by=\"avia_inline_auto\" id=\"style-css-av-x2lya6-3dc9becea134d4855fdba6dbcc662119\">\n#top .hr.hr-invisible.av-x2lya6-3dc9becea134d4855fdba6dbcc662119{\nheight:40px;\n}\n<\/style>\n<div  class='hr av-x2lya6-3dc9becea134d4855fdba6dbcc662119 hr-invisible  avia-builder-el-1  el_before_av_textblock  avia-builder-el-first  av-mini-hide'><span class='hr-inner '><span class=\"hr-inner-style\"><\/span><\/span><\/div>\n\n<style type=\"text\/css\" data-created_by=\"avia_inline_auto\" id=\"style-css-av-32a29a-886c18f476778bc18608c099f4573416\">\n#top .av_textblock_section.av-32a29a-886c18f476778bc18608c099f4573416 .avia_textblock{\nfont-size:40px;\n}\n<\/style>\n<section  class='av_textblock_section av-32a29a-886c18f476778bc18608c099f4573416'  itemscope=\"itemscope\" itemtype=\"https:\/\/schema.org\/CreativeWork\" ><div class='avia_textblock'  itemprop=\"text\" ><h1 style=\"text-align: center;\"><span style=\"color: #ffffff;\">TRABAJA CON NOSOTROS, \u00daNETE A NUESTRO EQUIPO<\/span><\/h1>\n<\/div><\/section>\n\n<style type=\"text\/css\" data-created_by=\"avia_inline_auto\" id=\"style-css-av-sps5tq-826a252f599349084302de49a831281d\">\n#top .hr.hr-invisible.av-sps5tq-826a252f599349084302de49a831281d{\nheight:75px;\n}\n<\/style>\n<div  class='hr av-sps5tq-826a252f599349084302de49a831281d hr-invisible  avia-builder-el-3  el_after_av_textblock  avia-builder-el-last  av-mini-hide'><span class='hr-inner '><span class=\"hr-inner-style\"><\/span><\/span><\/div>\n<\/div><\/div><\/main><!-- close content main element --><\/div><\/div><\/div><div id='av_section_2'  class='avia-section av-r5yzku-23b851c7ec65155575471d698cd4a114 main_color avia-section-default avia-no-border-styling  avia-builder-el-4  el_after_av_section  el_before_av_section  avia-bg-style-scroll container_wrap fullsize'  ><div class='container av-section-cont-open' ><div class='template-page content  av-content-full alpha units'><div class='post-entry post-entry-type-page post-entry-7246'><div class='entry-content-wrapper clearfix'>\n<section  class='av_textblock_section av-ocakvy-d73a0968a54149f2083556e2f66c8383'  itemscope=\"itemscope\" itemtype=\"https:\/\/schema.org\/CreativeWork\" ><div class='avia_textblock'  itemprop=\"text\" ><h2 style=\"text-align: center;\">Trabaja con nosotros<\/h2>\n<\/div><\/section>\n\n<style type=\"text\/css\" data-created_by=\"avia_inline_auto\" id=\"style-css-av-ka8iri-8a9d1edd2db867c71650d7dedc353969\">\n#top .av_textblock_section.av-ka8iri-8a9d1edd2db867c71650d7dedc353969 .avia_textblock{\nfont-size:16px;\n}\n<\/style>\n<section  class='av_textblock_section av-ka8iri-8a9d1edd2db867c71650d7dedc353969'  itemscope=\"itemscope\" itemtype=\"https:\/\/schema.org\/CreativeWork\" ><div class='avia_textblock'  itemprop=\"text\" ><p style=\"text-align: center;\">Somos una empresa ubicada en Asturias dedicada al <strong><span style=\"color: #333333;\">desarrollo de aplicaciones m\u00f3viles a medida<\/span><\/strong> y todo tipo de <a href=\"https:\/\/abamobile.com\/web\/servicios\/\" target=\"_blank\" rel=\"noopener\">soluciones digitales<\/a> enfocadas en las apps y los dispositivos. Con nuestras soluciones ayudamos a las empresas en su proceso de transformaci\u00f3n digital.<\/p>\n<p style=\"text-align: center;\">Estamos en un momento de crecimiento donde <strong><span style=\"color: #333333;\">queremos ir incorporando personas<\/span><\/strong> a este gran proyecto que comenz\u00f3 en 2012 y que es ABAMobile. Somos una empresa joven que <strong><span style=\"color: #333333;\">apoya la conciliaci\u00f3n, el trabajo en remoto y adem\u00e1s tenemos horario continuo de ma\u00f1ana<\/span><\/strong>. \u00a1Queremos conocerte!<\/p>\n<\/div><\/section>\n\n<style type=\"text\/css\" data-created_by=\"avia_inline_auto\" id=\"style-css-av-jmwjke-cc3fa2ffea55d4b005dc5eafc46cdb10\">\n#top .hr.hr-invisible.av-jmwjke-cc3fa2ffea55d4b005dc5eafc46cdb10{\nheight:60px;\n}\n<\/style>\n<div  class='hr av-jmwjke-cc3fa2ffea55d4b005dc5eafc46cdb10 hr-invisible  avia-builder-el-7  el_after_av_textblock  el_before_av_hr  av-mini-hide'><span class='hr-inner '><span class=\"hr-inner-style\"><\/span><\/span><\/div>\n\n<style type=\"text\/css\" data-created_by=\"avia_inline_auto\" id=\"style-css-av-hwf3mm-6bafbaeaabd8e39142a9ea68463275f1\">\n#top .hr.hr-invisible.av-hwf3mm-6bafbaeaabd8e39142a9ea68463275f1{\nheight:25px;\n}\n<\/style>\n<div  class='hr av-hwf3mm-6bafbaeaabd8e39142a9ea68463275f1 hr-invisible  avia-builder-el-8  el_after_av_hr  el_before_av_textblock  av-desktop-hide av-medium-hide av-small-hide'><span class='hr-inner '><span class=\"hr-inner-style\"><\/span><\/span><\/div>\n\n<style type=\"text\/css\" data-created_by=\"avia_inline_auto\" id=\"style-css-av-fd84we-d312557883bc9ac6142096779c5c06dd\">\n#top .av_textblock_section.av-fd84we-d312557883bc9ac6142096779c5c06dd .avia_textblock{\nfont-size:16px;\n}\n<\/style>\n<section  class='av_textblock_section av-fd84we-d312557883bc9ac6142096779c5c06dd'  itemscope=\"itemscope\" itemtype=\"https:\/\/schema.org\/CreativeWork\" ><div class='av-desktop-hide av-medium-hide av-small-hide avia_textblock'  itemprop=\"text\" ><h2 style=\"text-align: center;\">Ofertas de empleo<\/h2>\n<\/div><\/section>\n<div   data-autoplay=''  data-interval='5'  data-animation='fade'  data-show_slide_delay='90'  class='avia-content-slider avia-content-grid-active avia-content-slider1 avia-content-slider-odd  avia-builder-el-10  el_after_av_textblock  avia-builder-el-last  '  itemscope=\"itemscope\" itemtype=\"https:\/\/schema.org\/Blog\" ><div class='avia-content-slider-inner'><div class='slide-entry-wrap'><article class='slide-entry flex_column  post-entry post-entry-7585 slide-entry-overview slide-loop-1 slide-parity-odd  av_one_third first real-thumbnail post-format-standard'  itemscope=\"itemscope\" itemtype=\"https:\/\/schema.org\/CreativeWork\" ><a href='https:\/\/abamobile.com\/web\/empleo-programador\/' data-rel='slide-1' class='slide-image' title='Programador\/a iOS'><img decoding=\"async\" width=\"495\" height=\"400\" src=\"https:\/\/abamobile.com\/web\/wp-content\/uploads\/2020\/06\/programador-iOS-495x400.jpg\" class=\"wp-image-7587 avia-img-lazy-loading-not-7587 attachment-portfolio size-portfolio wp-post-image\" alt=\"programador iOS\" title=\"\"><\/a><div class='slide-content'><header class=\"entry-content-header\"><h3 class='slide-entry-title entry-title '  itemprop=\"headline\" ><a href='https:\/\/abamobile.com\/web\/empleo-programador\/' title='Programador\/a iOS'>Programador\/a iOS<\/a><\/h3><span class=\"av-vertical-delimiter\"><\/span><\/header><\/div><footer class=\"entry-footer\"><\/footer><span class='hidden'>\n\t\t\t\t<span class='av-structured-data'  itemprop=\"image\" itemscope=\"itemscope\" itemtype=\"https:\/\/schema.org\/ImageObject\" >\n\t\t\t\t\t\t<span itemprop='url'>https:\/\/abamobile.com\/web\/wp-content\/uploads\/2020\/06\/programador-iOS.jpg<\/span>\n\t\t\t\t\t\t<span itemprop='height'>500<\/span>\n\t\t\t\t\t\t<span itemprop='width'>1000<\/span>\n\t\t\t\t<\/span>\n\t\t\t\t<span class='av-structured-data'  itemprop=\"publisher\" itemtype=\"https:\/\/schema.org\/Organization\" itemscope=\"itemscope\" >\n\t\t\t\t\t\t<span itemprop='name'>Claudia Fern\u00e1ndez<\/span>\n\t\t\t\t\t\t<span itemprop='logo' itemscope itemtype='https:\/\/schema.org\/ImageObject'>\n\t\t\t\t\t\t\t<span itemprop='url'>https:\/\/abamobile.com\/web\/wp-content\/uploads\/2025\/06\/logo-ABAMobile.webp<\/span>\n\t\t\t\t\t\t <\/span>\n\t\t\t\t<\/span><span class='av-structured-data'  itemprop=\"author\" itemscope=\"itemscope\" itemtype=\"https:\/\/schema.org\/Person\" ><span itemprop='name'>Claudia Fern\u00e1ndez<\/span><\/span><span class='av-structured-data'  itemprop=\"datePublished\" datetime=\"2020-05-26T15:10:59+02:00\" >2020-06-12 14:30:36<\/span><span class='av-structured-data'  itemprop=\"dateModified\" itemtype=\"https:\/\/schema.org\/dateModified\" >2020-09-04 11:11:42<\/span><span class='av-structured-data'  itemprop=\"mainEntityOfPage\" itemtype=\"https:\/\/schema.org\/mainEntityOfPage\" ><span itemprop='name'>Programador\/a iOS<\/span><\/span><\/span><\/article><article class='slide-entry flex_column  post-entry post-entry-7429 slide-entry-overview slide-loop-2 slide-parity-even  av_one_third  real-thumbnail post-format-standard'  itemscope=\"itemscope\" itemtype=\"https:\/\/schema.org\/CreativeWork\" ><a href='https:\/\/abamobile.com\/web\/empleo-desarrollador-aplicaciones-moviles\/' data-rel='slide-1' class='slide-image' title='Desarrollador\/a Senior de Aplicaciones'><img decoding=\"async\" width=\"495\" height=\"400\" src=\"https:\/\/abamobile.com\/web\/wp-content\/uploads\/2020\/05\/transformacion-digital-empresas-495x400.jpg\" class=\"wp-image-7388 avia-img-lazy-loading-not-7388 attachment-portfolio size-portfolio wp-post-image\" alt=\"transformacion digital empresas\" title=\"\"><\/a><div class='slide-content'><header class=\"entry-content-header\"><h3 class='slide-entry-title entry-title '  itemprop=\"headline\" ><a href='https:\/\/abamobile.com\/web\/empleo-desarrollador-aplicaciones-moviles\/' title='Desarrollador\/a Senior de Aplicaciones'>Desarrollador\/a Senior de Aplicaciones<\/a><\/h3><span class=\"av-vertical-delimiter\"><\/span><\/header><\/div><footer class=\"entry-footer\"><\/footer><span class='hidden'>\n\t\t\t\t<span class='av-structured-data'  itemprop=\"image\" itemscope=\"itemscope\" itemtype=\"https:\/\/schema.org\/ImageObject\" >\n\t\t\t\t\t\t<span itemprop='url'>https:\/\/abamobile.com\/web\/wp-content\/uploads\/2020\/05\/transformacion-digital-empresas.jpg<\/span>\n\t\t\t\t\t\t<span itemprop='height'>600<\/span>\n\t\t\t\t\t\t<span itemprop='width'>850<\/span>\n\t\t\t\t<\/span>\n\t\t\t\t<span class='av-structured-data'  itemprop=\"publisher\" itemtype=\"https:\/\/schema.org\/Organization\" itemscope=\"itemscope\" >\n\t\t\t\t\t\t<span itemprop='name'>Claudia Fern\u00e1ndez<\/span>\n\t\t\t\t\t\t<span itemprop='logo' itemscope itemtype='https:\/\/schema.org\/ImageObject'>\n\t\t\t\t\t\t\t<span itemprop='url'>https:\/\/abamobile.com\/web\/wp-content\/uploads\/2025\/06\/logo-ABAMobile.webp<\/span>\n\t\t\t\t\t\t <\/span>\n\t\t\t\t<\/span><span class='av-structured-data'  itemprop=\"author\" itemscope=\"itemscope\" itemtype=\"https:\/\/schema.org\/Person\" ><span itemprop='name'>Claudia Fern\u00e1ndez<\/span><\/span><span class='av-structured-data'  itemprop=\"datePublished\" datetime=\"2020-05-26T15:10:59+02:00\" >2020-06-12 13:31:51<\/span><span class='av-structured-data'  itemprop=\"dateModified\" itemtype=\"https:\/\/schema.org\/dateModified\" >2025-01-29 13:57:29<\/span><span class='av-structured-data'  itemprop=\"mainEntityOfPage\" itemtype=\"https:\/\/schema.org\/mainEntityOfPage\" ><span itemprop='name'>Desarrollador\/a Senior de Aplicaciones<\/span><\/span><\/span><\/article><article class='slide-entry flex_column  post-entry post-entry-4104 slide-entry-overview slide-loop-3 slide-parity-odd  post-entry-last  av_one_third  real-thumbnail post-format-standard'  itemscope=\"itemscope\" itemtype=\"https:\/\/schema.org\/CreativeWork\" ><a href='https:\/\/abamobile.com\/web\/oferta-de-empleo-desarrollador\/' data-rel='slide-1' class='slide-image' title='Desarrollador\/a Junior de Aplicaciones'><img decoding=\"async\" width=\"495\" height=\"400\" src=\"https:\/\/abamobile.com\/web\/wp-content\/uploads\/2020\/02\/Integraciones-APIs-de-terceros-495x400.jpg\" class=\"wp-image-4872 avia-img-lazy-loading-not-4872 attachment-portfolio size-portfolio wp-post-image\" alt=\"Integraciones APIs de terceros\" title=\"\"><\/a><div class='slide-content'><header class=\"entry-content-header\"><h3 class='slide-entry-title entry-title '  itemprop=\"headline\" ><a href='https:\/\/abamobile.com\/web\/oferta-de-empleo-desarrollador\/' title='Desarrollador\/a Junior de Aplicaciones'>Desarrollador\/a Junior de Aplicaciones<\/a><\/h3><span class=\"av-vertical-delimiter\"><\/span><\/header><\/div><footer class=\"entry-footer\"><\/footer><span class='hidden'>\n\t\t\t\t<span class='av-structured-data'  itemprop=\"image\" itemscope=\"itemscope\" itemtype=\"https:\/\/schema.org\/ImageObject\" >\n\t\t\t\t\t\t<span itemprop='url'>https:\/\/abamobile.com\/web\/wp-content\/uploads\/2020\/02\/Integraciones-APIs-de-terceros.jpg<\/span>\n\t\t\t\t\t\t<span itemprop='height'>600<\/span>\n\t\t\t\t\t\t<span itemprop='width'>1500<\/span>\n\t\t\t\t<\/span>\n\t\t\t\t<span class='av-structured-data'  itemprop=\"publisher\" itemtype=\"https:\/\/schema.org\/Organization\" itemscope=\"itemscope\" >\n\t\t\t\t\t\t<span itemprop='name'>Claudia Fern\u00e1ndez<\/span>\n\t\t\t\t\t\t<span itemprop='logo' itemscope itemtype='https:\/\/schema.org\/ImageObject'>\n\t\t\t\t\t\t\t<span itemprop='url'>https:\/\/abamobile.com\/web\/wp-content\/uploads\/2025\/06\/logo-ABAMobile.webp<\/span>\n\t\t\t\t\t\t <\/span>\n\t\t\t\t<\/span><span class='av-structured-data'  itemprop=\"author\" itemscope=\"itemscope\" itemtype=\"https:\/\/schema.org\/Person\" ><span itemprop='name'>Claudia Fern\u00e1ndez<\/span><\/span><span class='av-structured-data'  itemprop=\"datePublished\" datetime=\"2020-05-26T15:10:59+02:00\" >2019-10-08 12:29:16<\/span><span class='av-structured-data'  itemprop=\"dateModified\" itemtype=\"https:\/\/schema.org\/dateModified\" >2025-12-15 10:53:38<\/span><span class='av-structured-data'  itemprop=\"mainEntityOfPage\" itemtype=\"https:\/\/schema.org\/mainEntityOfPage\" ><span itemprop='name'>Desarrollador\/a Junior de Aplicaciones<\/span><\/span><\/span><\/article><\/div><\/div><\/div>\n<\/div><\/div><\/div><!-- close content main div --><\/div><\/div>\n<style type=\"text\/css\" data-created_by=\"avia_inline_auto\" id=\"style-css-av-cscata-c9e1075343040860be43ccfe88cbb8dc\">\n.avia-section.av-cscata-c9e1075343040860be43ccfe88cbb8dc{\nbackground-color:#fcfcfc;\n}\n.avia-section.av-cscata-c9e1075343040860be43ccfe88cbb8dc .av-section-color-overlay{\nopacity:0.1;\nbackground-image:url(https:\/\/abamobile.com\/web\/wp-content\/themes\/enfold\/images\/background-images\/polygon.png);\nbackground-repeat:repeat;\n}\n<\/style>\n<div id='av_section_3'  class='avia-section av-cscata-c9e1075343040860be43ccfe88cbb8dc main_color avia-section-default avia-no-border-styling  avia-builder-el-11  el_after_av_section  avia-builder-el-last  avia-bg-style-scroll av-section-color-overlay-active container_wrap fullsize'  ><div class='av-section-color-overlay-wrap'><div class=\"av-section-color-overlay\"><\/div><div class='container av-section-cont-open' ><div class='template-page content  av-content-full alpha units'><div class='post-entry post-entry-type-page post-entry-7246'><div class='entry-content-wrapper clearfix'>\n\n<style type=\"text\/css\" data-created_by=\"avia_inline_auto\" id=\"style-css-av-bcoaxq-d599f08fc558d6e266f91b4490b95458\">\n#top .hr.hr-invisible.av-bcoaxq-d599f08fc558d6e266f91b4490b95458{\nheight:20px;\n}\n<\/style>\n<div  class='hr av-bcoaxq-d599f08fc558d6e266f91b4490b95458 hr-invisible  avia-builder-el-12  el_before_av_one_fifth  avia-builder-el-first '><span class='hr-inner '><span class=\"hr-inner-style\"><\/span><\/span><\/div>\n\n<style type=\"text\/css\" data-created_by=\"avia_inline_auto\" id=\"style-css-av-9iywm6-5cbbd7a39ac92db76af7712d2c69e3ea\">\n.flex_column.av-9iywm6-5cbbd7a39ac92db76af7712d2c69e3ea{\nborder-radius:0px 0px 0px 0px;\n-webkit-border-radius:0px 0px 0px 0px;\n-moz-border-radius:0px 0px 0px 0px;\n}\n<\/style>\n<div class='flex_column av-9iywm6-5cbbd7a39ac92db76af7712d2c69e3ea av_one_fifth  avia-builder-el-13  el_after_av_hr  el_before_av_three_fifth  first flex_column_div av-zero-column-padding '   ><\/div>\n<style type=\"text\/css\" data-created_by=\"avia_inline_auto\" id=\"style-css-av-80dvvi-3048bb7fcf0277de6dab79addd611041\">\n.flex_column.av-80dvvi-3048bb7fcf0277de6dab79addd611041{\nborder-radius:0px 0px 0px 0px;\n-webkit-border-radius:0px 0px 0px 0px;\n-moz-border-radius:0px 0px 0px 0px;\n}\n<\/style>\n<div class='flex_column av-80dvvi-3048bb7fcf0277de6dab79addd611041 av_three_fifth  avia-builder-el-14  el_after_av_one_fifth  el_before_av_one_fifth  flex_column_div av-zero-column-padding '   ><section  class='av_textblock_section av-5tzqni-1daf4aad9bcf1b3a7cfcbf4239f473ad'  itemscope=\"itemscope\" itemtype=\"https:\/\/schema.org\/CreativeWork\" ><div class='avia_textblock'  itemprop=\"text\" ><h2 style=\"text-align: center;\">Env\u00edanos tu CV a info@abamobile.com y cu\u00e9ntanos m\u00e1s sobre ti<\/h2>\n<\/div><\/section><\/div>\n<style type=\"text\/css\" data-created_by=\"avia_inline_auto\" id=\"style-css-av-4h1ham-2ab5ec90aabfe214721c99b2ff610cc7\">\n.flex_column.av-4h1ham-2ab5ec90aabfe214721c99b2ff610cc7{\nborder-radius:0px 0px 0px 0px;\n-webkit-border-radius:0px 0px 0px 0px;\n-moz-border-radius:0px 0px 0px 0px;\n}\n<\/style>\n<div class='flex_column av-4h1ham-2ab5ec90aabfe214721c99b2ff610cc7 av_one_fifth  avia-builder-el-16  el_after_av_three_fifth  el_before_av_hr  flex_column_div av-zero-column-padding '   ><\/div>\n<style type=\"text\/css\" data-created_by=\"avia_inline_auto\" id=\"style-css-av-1yoqj2-e72167a4cb7e191eba43bc5a82fd4184\">\n#top .hr.hr-invisible.av-1yoqj2-e72167a4cb7e191eba43bc5a82fd4184{\nheight:20px;\n}\n<\/style>\n<div  class='hr av-1yoqj2-e72167a4cb7e191eba43bc5a82fd4184 hr-invisible  avia-builder-el-17  el_after_av_one_fifth  avia-builder-el-last '><span class='hr-inner '><span class=\"hr-inner-style\"><\/span><\/span><\/div>\n<\/p>\n","protected":false},"excerpt":{"rendered":"","protected":false},"author":9,"featured_media":17756,"parent":0,"menu_order":0,"comment_status":"closed","ping_status":"closed","template":"","meta":{"footnotes":""},"class_list":["post-7246","page","type-page","status-publish","has-post-thumbnail","hentry"],"_links":{"self":[{"href":"https:\/\/abamobile.com\/web\/wp-json\/wp\/v2\/pages\/7246","targetHints":{"allow":["GET"]}}],"collection":[{"href":"https:\/\/abamobile.com\/web\/wp-json\/wp\/v2\/pages"}],"about":[{"href":"https:\/\/abamobile.com\/web\/wp-json\/wp\/v2\/types\/page"}],"author":[{"embeddable":true,"href":"https:\/\/abamobile.com\/web\/wp-json\/wp\/v2\/users\/9"}],"replies":[{"embeddable":true,"href":"https:\/\/abamobile.com\/web\/wp-json\/wp\/v2\/comments?post=7246"}],"version-history":[{"count":1,"href":"https:\/\/abamobile.com\/web\/wp-json\/wp\/v2\/pages\/7246\/revisions"}],"predecessor-version":[{"id":26933,"href":"https:\/\/abamobile.com\/web\/wp-json\/wp\/v2\/pages\/7246\/revisions\/26933"}],"wp:featuredmedia":[{"embeddable":true,"href":"https:\/\/abamobile.com\/web\/wp-json\/wp\/v2\/media\/17756"}],"wp:attachment":[{"href":"https:\/\/abamobile.com\/web\/wp-json\/wp\/v2\/media?parent=7246"}],"curies":[{"name":"wp","href":"https:\/\/api.w.org\/{rel}","templated":true}]}}