{"id":283,"date":"2013-01-07T18:20:57","date_gmt":"2013-01-07T18:20:57","guid":{"rendered":"https:\/\/abamobile.com\/web\/?page_id=283"},"modified":"2024-11-20T11:15:37","modified_gmt":"2024-11-20T10:15:37","slug":"contacto","status":"publish","type":"page","link":"https:\/\/abamobile.com\/web\/contacto\/","title":{"rendered":"Contacto"},"content":{"rendered":"\n<style type=\"text\/css\" data-created_by=\"avia_inline_auto\" id=\"style-css-av-873ts3-b6808d4572f8bded840f52061611bcca\">\n.avia-section.av-873ts3-b6808d4572f8bded840f52061611bcca .av-parallax .av-parallax-inner{\nbackground-repeat:no-repeat;\nbackground-image:url(https:\/\/abamobile.com\/web\/wp-content\/uploads\/2024\/04\/contacto-ABAMobile-empresa-de-desarrollo-de-apps.webp);\nbackground-position:50% 50%;\nbackground-attachment:scroll;\n}\n.avia-section.av-873ts3-b6808d4572f8bded840f52061611bcca .av-section-color-overlay{\nopacity:0.6;\nbackground-color:#000000;\n}\n<\/style>\n<div id='av_section_1'  class='avia-section av-873ts3-b6808d4572f8bded840f52061611bcca main_color avia-section-default avia-no-border-styling  avia-builder-el-0  el_before_av_section  avia-builder-el-first  av-small-hide av-mini-hide av-parallax-section avia-bg-style-parallax av-section-color-overlay-active container_wrap fullsize'  data-section-bg-repeat='no-repeat'><div class='av-parallax' data-avia-parallax-ratio='0.3' ><div class='av-parallax-inner main_color avia-full-stretch'><\/div><\/div><div class='av-section-color-overlay-wrap'><div class=\"av-section-color-overlay\"><\/div><div class='container av-section-cont-open' ><main  role=\"main\" itemprop=\"mainContentOfPage\"  class='template-page content  av-content-full alpha units'><div class='post-entry post-entry-type-page post-entry-283'><div class='entry-content-wrapper clearfix'>\n\n<style type=\"text\/css\" data-created_by=\"avia_inline_auto\" id=\"style-css-av-7oyzgr-cd97e67b8111a80629b09d2ebed8cb9a\">\n#top .hr.hr-invisible.av-7oyzgr-cd97e67b8111a80629b09d2ebed8cb9a{\nheight:15px;\n}\n<\/style>\n<div  class='hr av-7oyzgr-cd97e67b8111a80629b09d2ebed8cb9a hr-invisible  avia-builder-el-1  el_before_av_textblock  avia-builder-el-first  av-small-hide av-mini-hide'><span class='hr-inner '><span class=\"hr-inner-style\"><\/span><\/span><\/div>\n\n<style type=\"text\/css\" data-created_by=\"avia_inline_auto\" id=\"style-css-av-7uouqb-79f469353661373bac9ac4d6cc0fa05b\">\n#top .av_textblock_section.av-7uouqb-79f469353661373bac9ac4d6cc0fa05b .avia_textblock{\nfont-size:40px;\n}\n<\/style>\n<section  class='av_textblock_section av-7uouqb-79f469353661373bac9ac4d6cc0fa05b'  itemscope=\"itemscope\" itemtype=\"https:\/\/schema.org\/CreativeWork\" ><div class='av-small-hide av-mini-hide avia_textblock'  itemprop=\"text\" ><h1 style=\"text-align: center;\"><span style=\"color: #ffffff;\">PONTE EN CONTACTO CON NOSOTROS<\/span><\/h1>\n<\/div><\/section>\n\n<style type=\"text\/css\" data-created_by=\"avia_inline_auto\" id=\"style-css-av-lv3k7nn1-fd9b07b80749ee086af5140c1cec4d41\">\n#top .hr.hr-invisible.av-lv3k7nn1-fd9b07b80749ee086af5140c1cec4d41{\nheight:20px;\n}\n<\/style>\n<div  class='hr av-lv3k7nn1-fd9b07b80749ee086af5140c1cec4d41 hr-invisible  avia-builder-el-3  el_after_av_textblock  avia-builder-el-last  av-mini-hide'><span class='hr-inner '><span class=\"hr-inner-style\"><\/span><\/span><\/div>\n\n<\/div><\/div><\/main><!-- close content main element --><\/div><\/div><\/div><div id='formulario-contacto'  class='avia-section av-6rgk4z-67e8bbb35787c5a761db2b49136fb41a main_color avia-section-default avia-no-border-styling  avia-builder-el-4  el_after_av_section  el_before_av_section  avia-bg-style-scroll container_wrap fullsize'  ><div class='container av-section-cont-open' ><div class='template-page content  av-content-full alpha units'><div class='post-entry post-entry-type-page post-entry-283'><div class='entry-content-wrapper clearfix'>\n\n<style type=\"text\/css\" data-created_by=\"avia_inline_auto\" id=\"style-css-av-6cy1yb-a86a8c2e77ed080e2e0dccd7ae3c5b36\">\n.flex_column.av-6cy1yb-a86a8c2e77ed080e2e0dccd7ae3c5b36{\nborder-width:1px;\nborder-color:#0097b6;\nborder-style:solid;\nborder-radius:5px 5px 5px 5px;\n-webkit-border-radius:5px 5px 5px 5px;\n-moz-border-radius:5px 5px 5px 5px;\npadding:20px 20px 20px 20px;\n}\n<\/style>\n<div class='flex_column av-6cy1yb-a86a8c2e77ed080e2e0dccd7ae3c5b36 av_one_half  avia-builder-el-5  el_before_av_one_half  avia-builder-el-first  first flex_column_div '   ><style type=\"text\/css\" data-created_by=\"avia_inline_auto\" id=\"style-css-av-680ndn-6fc8fa6a3e07071af36afd7c11cb76c2\">\n\n@media only screen and (min-width: 480px) and (max-width: 767px){ \n#top .av_textblock_section.av-680ndn-6fc8fa6a3e07071af36afd7c11cb76c2 .avia_textblock{\nfont-size:15px;\n}\n}\n\n@media only screen and (max-width: 479px){ \n#top .av_textblock_section.av-680ndn-6fc8fa6a3e07071af36afd7c11cb76c2 .avia_textblock{\nfont-size:15px;\n}\n}\n<\/style>\n<section  class='av_textblock_section av-680ndn-6fc8fa6a3e07071af36afd7c11cb76c2'  itemscope=\"itemscope\" itemtype=\"https:\/\/schema.org\/CreativeWork\" ><div class='avia_textblock'  itemprop=\"text\" ><h2 style=\"text-align: center;\">Podemos ayudarte<\/h2>\n<\/div><\/section><br \/>\n\n<style type=\"text\/css\" data-created_by=\"avia_inline_auto\" id=\"style-css-av-5zu37n-9caac89d9d3c5af03f7f13dd328fe35f\">\n#top .hr.hr-invisible.av-5zu37n-9caac89d9d3c5af03f7f13dd328fe35f{\nheight:30px;\n}\n<\/style>\n<div  class='hr av-5zu37n-9caac89d9d3c5af03f7f13dd328fe35f hr-invisible  avia-builder-el-7  el_after_av_textblock  el_before_av_codeblock  av-small-hide av-mini-hide'><span class='hr-inner '><span class=\"hr-inner-style\"><\/span><\/span><\/div><br \/>\n<\/p><\/div>\n<style type=\"text\/css\" data-created_by=\"avia_inline_auto\" id=\"style-css-av-4hy58z-c2f20ff780e5c06848ece7e7609540bb\">\n.flex_column.av-4hy58z-c2f20ff780e5c06848ece7e7609540bb{\nborder-width:1px;\nborder-color:#0097b6;\nborder-style:solid;\nborder-radius:5px 5px 5px 5px;\n-webkit-border-radius:5px 5px 5px 5px;\n-moz-border-radius:5px 5px 5px 5px;\npadding:20px 20px 20px 20px;\n}\n<\/style>\n<div class='flex_column av-4hy58z-c2f20ff780e5c06848ece7e7609540bb av_one_half  avia-builder-el-9  el_after_av_one_half  avia-builder-el-last  flex_column_div '   ><style type=\"text\/css\" data-created_by=\"avia_inline_auto\" id=\"style-css-av-4fz0aj-88928f7799f5a915ea1d3267f0284b09\">\n\n@media only screen and (max-width: 479px){ \n#top .av_textblock_section.av-4fz0aj-88928f7799f5a915ea1d3267f0284b09 .avia_textblock{\nfont-size:17px;\n}\n}\n<\/style>\n<section  class='av_textblock_section av-4fz0aj-88928f7799f5a915ea1d3267f0284b09'  itemscope=\"itemscope\" itemtype=\"https:\/\/schema.org\/CreativeWork\" ><div class='avia_textblock'  itemprop=\"text\" ><h2 style=\"text-align: center;\">D\u00f3nde encontrarnos<\/h2>\n<\/div><\/section><br \/>\n\n<style type=\"text\/css\" data-created_by=\"avia_inline_auto\" id=\"style-css-av-490fgj-61d31cd005a6674c7687446f399d9d3b\">\n#top .hr.hr-invisible.av-490fgj-61d31cd005a6674c7687446f399d9d3b{\nheight:30px;\n}\n<\/style>\n<div  class='hr av-490fgj-61d31cd005a6674c7687446f399d9d3b hr-invisible  avia-builder-el-11  el_after_av_textblock  el_before_av_icon_box '><span class='hr-inner '><span class=\"hr-inner-style\"><\/span><\/span><\/div><br \/>\n<article  class='iconbox iconbox_left av-43n21f-fef5b3a5615cbf4f0e3407aba8ded7fe  avia-builder-el-12  el_after_av_hr  el_before_av_hr '  itemscope=\"itemscope\" itemtype=\"https:\/\/schema.org\/CreativeWork\" ><div class=\"iconbox_content\"><header class=\"entry-content-header\"><div class=\"iconbox_icon heading-color\" aria-hidden='true' data-av_icon='\ue805' data-av_iconfont='entypo-fontello'><\/div><h3 class='iconbox_content_title '  itemprop=\"headline\" >Email<\/h3><\/header><div class='iconbox_content_container '  itemprop=\"text\" ><p>Si est\u00e1s interesado en solicitar m\u00e1s informaci\u00f3n, escr\u00edbenos a <a href=\"mailto:info@abamobile.com\">info@abamobile.com<\/a>\u00a0estaremos encantados de atenderte y te contestaremos a la mayor brevedad posible.<\/p>\n<\/div><\/div><footer class=\"entry-footer\"><\/footer><\/article><br \/>\n\n<style type=\"text\/css\" data-created_by=\"avia_inline_auto\" id=\"style-css-av-3xw6ib-9f59a4a6e02eb833e3fdb2cfae2fbf52\">\n#top .hr.hr-invisible.av-3xw6ib-9f59a4a6e02eb833e3fdb2cfae2fbf52{\nheight:30px;\n}\n<\/style>\n<div  class='hr av-3xw6ib-9f59a4a6e02eb833e3fdb2cfae2fbf52 hr-invisible  avia-builder-el-13  el_after_av_icon_box  el_before_av_icon_box '><span class='hr-inner '><span class=\"hr-inner-style\"><\/span><\/span><\/div><br \/>\n<article  class='iconbox iconbox_left av-3ou5mj-e827f607d28046dbacecf385628d098b  avia-builder-el-14  el_after_av_hr  el_before_av_hr '  itemscope=\"itemscope\" itemtype=\"https:\/\/schema.org\/CreativeWork\" ><div class=\"iconbox_content\"><header class=\"entry-content-header\"><div class=\"iconbox_icon heading-color\" aria-hidden='true' data-av_icon='\ue854' data-av_iconfont='entypo-fontello'><\/div><h3 class='iconbox_content_title '  itemprop=\"headline\" >Tel\u00e9fono<\/h3><\/header><div class='iconbox_content_container '  itemprop=\"text\" ><article class=\"iconbox iconbox_left_content avia-builder-el-7 el_after_av_hr el_before_av_hr \">\n<div class=\"iconbox_content\">\n<div class=\"iconbox_content_container \">\n<p>Tambi\u00e9n puedes localizarnos en el tel\u00e9fono +34 <strong><span style=\"color: #333333;\"><a href=\"tel:+34984111010\">984 11 10 10<\/a>.<\/span><\/strong><\/p>\n<\/div>\n<\/div>\n<\/article>\n<\/div><\/div><footer class=\"entry-footer\"><\/footer><\/article><br \/>\n\n<style type=\"text\/css\" data-created_by=\"avia_inline_auto\" id=\"style-css-av-3mgq0b-c03faebc40c718e6ef81ffe4c3639887\">\n#top .hr.hr-invisible.av-3mgq0b-c03faebc40c718e6ef81ffe4c3639887{\nheight:30px;\n}\n<\/style>\n<div  class='hr av-3mgq0b-c03faebc40c718e6ef81ffe4c3639887 hr-invisible  avia-builder-el-15  el_after_av_icon_box  el_before_av_icon_box '><span class='hr-inner '><span class=\"hr-inner-style\"><\/span><\/span><\/div><br \/>\n<article  class='iconbox iconbox_left av-3fv04z-7d82263b305e7fcf63c9cf37ad77878a  avia-builder-el-16  el_after_av_hr  avia-builder-el-last '  itemscope=\"itemscope\" itemtype=\"https:\/\/schema.org\/CreativeWork\" ><div class=\"iconbox_content\"><header class=\"entry-content-header\"><div class=\"iconbox_icon heading-color\" aria-hidden='true' data-av_icon='\ue842' data-av_iconfont='entypo-fontello'><\/div><h3 class='iconbox_content_title '  itemprop=\"headline\" >Nuestras oficinas<\/h3><\/header><div class='iconbox_content_container '  itemprop=\"text\" ><p>Estamos en Asturias, en Calle Pe\u00f1a Brava 21, Silvota, Llanera \u2013 Oficina P1-A<\/p>\n<p>Horario 7:30 a 15:30 de Lunes a Viernes<\/p>\n<\/div><\/div><footer class=\"entry-footer\"><\/footer><\/article><\/p><\/div>\n\n<\/div><\/div><\/div><!-- close content main div --><\/div><\/div><div id='av_section_3'  class='avia-section av-3cxm3-a7078b00c78fb4c8c04a4295feb5309a main_color avia-section-default avia-no-border-styling  avia-builder-el-17  el_after_av_section  el_before_av_codeblock  avia-bg-style-scroll container_wrap fullsize'  ><div class='container av-section-cont-open' ><div class='template-page content  av-content-full alpha units'><div class='post-entry post-entry-type-page post-entry-283'><div class='entry-content-wrapper clearfix'>\n<section  class='av_textblock_section av-lpn3v-0b5edabf08ec0c4d6415ba04862ff2f4'  itemscope=\"itemscope\" itemtype=\"https:\/\/schema.org\/CreativeWork\" ><div class='avia_textblock'  itemprop=\"text\" ><h2 style=\"text-align: center;\">Blog ABAMobile<\/h2>\n<\/div><\/section>\n<div   data-autoplay=''  data-interval='5'  data-animation='fade'  data-show_slide_delay='90'  class='avia-content-slider avia-content-grid-active avia-content-slider1 avia-content-slider-even  avia-builder-el-19  el_after_av_textblock  avia-builder-el-last  '  itemscope=\"itemscope\" itemtype=\"https:\/\/schema.org\/Blog\" ><div class='avia-content-slider-inner'><div class='slide-entry-wrap'><article class='slide-entry flex_column  post-entry post-entry-26833 slide-entry-overview slide-loop-1 slide-parity-odd  av_one_fourth first real-thumbnail post-format-standard'  itemscope=\"itemscope\" itemtype=\"https:\/\/schema.org\/CreativeWork\" ><a href='https:\/\/abamobile.com\/web\/metodologia-agil-vs-tradicional-cual-es-la-mejor-opcion-para-tu-app\/' data-rel='slide-1' class='slide-image' title='\u00bf\u00c1gil vs tradicional? La mejor metodolog\u00eda para desarrollar tu app'><img decoding=\"async\" width=\"260\" height=\"185\" src=\"https:\/\/abamobile.com\/web\/wp-content\/uploads\/2025\/10\/metodologia-tradicional-vs-agil-para-desarrollar-apps-260x185.webp\" class=\"wp-image-26836 avia-img-lazy-loading-not-26836 attachment-portfolio_small size-portfolio_small wp-post-image\" alt=\"\" title=\"\"><\/a><div class='slide-content'><header class=\"entry-content-header\"><h3 class='slide-entry-title entry-title '  itemprop=\"headline\" ><a href='https:\/\/abamobile.com\/web\/metodologia-agil-vs-tradicional-cual-es-la-mejor-opcion-para-tu-app\/' title='\u00bf\u00c1gil vs tradicional? La mejor metodolog\u00eda para desarrollar tu app'>\u00bf\u00c1gil vs tradicional? La mejor metodolog\u00eda para desarrollar tu app<\/a><\/h3><span class=\"av-vertical-delimiter\"><\/span><\/header><\/div><footer class=\"entry-footer\"><\/footer><span class='hidden'>\n\t\t\t\t<span class='av-structured-data'  itemprop=\"image\" itemscope=\"itemscope\" itemtype=\"https:\/\/schema.org\/ImageObject\" >\n\t\t\t\t\t\t<span itemprop='url'>https:\/\/abamobile.com\/web\/wp-content\/uploads\/2025\/10\/metodologia-tradicional-vs-agil-para-desarrollar-apps.webp<\/span>\n\t\t\t\t\t\t<span itemprop='height'>400<\/span>\n\t\t\t\t\t\t<span itemprop='width'>800<\/span>\n\t\t\t\t<\/span>\n\t\t\t\t<span class='av-structured-data'  itemprop=\"publisher\" itemtype=\"https:\/\/schema.org\/Organization\" itemscope=\"itemscope\" >\n\t\t\t\t\t\t<span itemprop='name'>Claudia Fern\u00e1ndez<\/span>\n\t\t\t\t\t\t<span itemprop='logo' itemscope itemtype='https:\/\/schema.org\/ImageObject'>\n\t\t\t\t\t\t\t<span itemprop='url'>https:\/\/abamobile.com\/web\/wp-content\/uploads\/2025\/06\/logo-ABAMobile.webp<\/span>\n\t\t\t\t\t\t <\/span>\n\t\t\t\t<\/span><span class='av-structured-data'  itemprop=\"author\" itemscope=\"itemscope\" itemtype=\"https:\/\/schema.org\/Person\" ><span itemprop='name'>Claudia Fern\u00e1ndez<\/span><\/span><span class='av-structured-data'  itemprop=\"datePublished\" datetime=\"2013-01-07T18:20:57+01:00\" >2025-10-10 11:12:34<\/span><span class='av-structured-data'  itemprop=\"dateModified\" itemtype=\"https:\/\/schema.org\/dateModified\" >2025-10-10 11:12:34<\/span><span class='av-structured-data'  itemprop=\"mainEntityOfPage\" itemtype=\"https:\/\/schema.org\/mainEntityOfPage\" ><span itemprop='name'>\u00bf\u00c1gil vs tradicional? La mejor metodolog\u00eda para desarrollar tu app<\/span><\/span><\/span><\/article><article class='slide-entry flex_column  post-entry post-entry-26691 slide-entry-overview slide-loop-2 slide-parity-even  av_one_fourth  real-thumbnail post-format-standard'  itemscope=\"itemscope\" itemtype=\"https:\/\/schema.org\/CreativeWork\" ><a href='https:\/\/abamobile.com\/web\/firebase-para-crear-apps-seguras-para-tu-empresa\/' data-rel='slide-1' class='slide-image' title='Firebase: lo que necesitas para crear apps seguras y escalables'><img decoding=\"async\" width=\"260\" height=\"185\" src=\"https:\/\/abamobile.com\/web\/wp-content\/uploads\/2025\/09\/firebase-plataforma-para-desarrollar-apps-260x185.webp\" class=\"wp-image-26708 avia-img-lazy-loading-not-26708 attachment-portfolio_small size-portfolio_small wp-post-image\" alt=\"firebase plataforma para desarrollar apps\" title=\"\"><\/a><div class='slide-content'><header class=\"entry-content-header\"><h3 class='slide-entry-title entry-title '  itemprop=\"headline\" ><a href='https:\/\/abamobile.com\/web\/firebase-para-crear-apps-seguras-para-tu-empresa\/' title='Firebase: lo que necesitas para crear apps seguras y escalables'>Firebase: lo que necesitas para crear apps seguras y escalables<\/a><\/h3><span class=\"av-vertical-delimiter\"><\/span><\/header><\/div><footer class=\"entry-footer\"><\/footer><span class='hidden'>\n\t\t\t\t<span class='av-structured-data'  itemprop=\"image\" itemscope=\"itemscope\" itemtype=\"https:\/\/schema.org\/ImageObject\" >\n\t\t\t\t\t\t<span itemprop='url'>https:\/\/abamobile.com\/web\/wp-content\/uploads\/2025\/09\/firebase-plataforma-para-desarrollar-apps.webp<\/span>\n\t\t\t\t\t\t<span itemprop='height'>400<\/span>\n\t\t\t\t\t\t<span itemprop='width'>800<\/span>\n\t\t\t\t<\/span>\n\t\t\t\t<span class='av-structured-data'  itemprop=\"publisher\" itemtype=\"https:\/\/schema.org\/Organization\" itemscope=\"itemscope\" >\n\t\t\t\t\t\t<span itemprop='name'>Claudia Fern\u00e1ndez<\/span>\n\t\t\t\t\t\t<span itemprop='logo' itemscope itemtype='https:\/\/schema.org\/ImageObject'>\n\t\t\t\t\t\t\t<span itemprop='url'>https:\/\/abamobile.com\/web\/wp-content\/uploads\/2025\/06\/logo-ABAMobile.webp<\/span>\n\t\t\t\t\t\t <\/span>\n\t\t\t\t<\/span><span class='av-structured-data'  itemprop=\"author\" itemscope=\"itemscope\" itemtype=\"https:\/\/schema.org\/Person\" ><span itemprop='name'>Claudia Fern\u00e1ndez<\/span><\/span><span class='av-structured-data'  itemprop=\"datePublished\" datetime=\"2013-01-07T18:20:57+01:00\" >2025-09-01 14:42:37<\/span><span class='av-structured-data'  itemprop=\"dateModified\" itemtype=\"https:\/\/schema.org\/dateModified\" >2025-09-01 14:42:37<\/span><span class='av-structured-data'  itemprop=\"mainEntityOfPage\" itemtype=\"https:\/\/schema.org\/mainEntityOfPage\" ><span itemprop='name'>Firebase: lo que necesitas para crear apps seguras y escalables<\/span><\/span><\/span><\/article><article class='slide-entry flex_column  post-entry post-entry-26623 slide-entry-overview slide-loop-3 slide-parity-odd  av_one_fourth  real-thumbnail post-format-standard'  itemscope=\"itemscope\" itemtype=\"https:\/\/schema.org\/CreativeWork\" ><a href='https:\/\/abamobile.com\/web\/apps-nativas-vs-flutter-cual-es-mejor\/' data-rel='slide-1' class='slide-image' title='Apps nativas vs Flutter \u00bfCu\u00e1l es la mejor opci\u00f3n para tu negocio?'><img decoding=\"async\" width=\"260\" height=\"185\" src=\"https:\/\/abamobile.com\/web\/wp-content\/uploads\/2025\/07\/Apps-nativas-vs-Flutter-cual-es-la-mejor-opcion-260x185.webp\" class=\"wp-image-26631 avia-img-lazy-loading-not-26631 attachment-portfolio_small size-portfolio_small wp-post-image\" alt=\"Apps nativas vs Flutter cual es la mejor opcion\" title=\"\"><\/a><div class='slide-content'><header class=\"entry-content-header\"><h3 class='slide-entry-title entry-title '  itemprop=\"headline\" ><a href='https:\/\/abamobile.com\/web\/apps-nativas-vs-flutter-cual-es-mejor\/' title='Apps nativas vs Flutter \u00bfCu\u00e1l es la mejor opci\u00f3n para tu negocio?'>Apps nativas vs Flutter \u00bfCu\u00e1l es la mejor opci\u00f3n para tu negocio?<\/a><\/h3><span class=\"av-vertical-delimiter\"><\/span><\/header><\/div><footer class=\"entry-footer\"><\/footer><span class='hidden'>\n\t\t\t\t<span class='av-structured-data'  itemprop=\"image\" itemscope=\"itemscope\" itemtype=\"https:\/\/schema.org\/ImageObject\" >\n\t\t\t\t\t\t<span itemprop='url'>https:\/\/abamobile.com\/web\/wp-content\/uploads\/2025\/07\/Apps-nativas-vs-Flutter-cual-es-la-mejor-opcion.webp<\/span>\n\t\t\t\t\t\t<span itemprop='height'>400<\/span>\n\t\t\t\t\t\t<span itemprop='width'>800<\/span>\n\t\t\t\t<\/span>\n\t\t\t\t<span class='av-structured-data'  itemprop=\"publisher\" itemtype=\"https:\/\/schema.org\/Organization\" itemscope=\"itemscope\" >\n\t\t\t\t\t\t<span itemprop='name'>Claudia Fern\u00e1ndez<\/span>\n\t\t\t\t\t\t<span itemprop='logo' itemscope itemtype='https:\/\/schema.org\/ImageObject'>\n\t\t\t\t\t\t\t<span itemprop='url'>https:\/\/abamobile.com\/web\/wp-content\/uploads\/2025\/06\/logo-ABAMobile.webp<\/span>\n\t\t\t\t\t\t <\/span>\n\t\t\t\t<\/span><span class='av-structured-data'  itemprop=\"author\" itemscope=\"itemscope\" itemtype=\"https:\/\/schema.org\/Person\" ><span itemprop='name'>Claudia Fern\u00e1ndez<\/span><\/span><span class='av-structured-data'  itemprop=\"datePublished\" datetime=\"2013-01-07T18:20:57+01:00\" >2025-07-24 14:44:29<\/span><span class='av-structured-data'  itemprop=\"dateModified\" itemtype=\"https:\/\/schema.org\/dateModified\" >2025-08-26 14:22:12<\/span><span class='av-structured-data'  itemprop=\"mainEntityOfPage\" itemtype=\"https:\/\/schema.org\/mainEntityOfPage\" ><span itemprop='name'>Apps nativas vs Flutter \u00bfCu\u00e1l es la mejor opci\u00f3n para tu negocio?<\/span><\/span><\/span><\/article><article class='slide-entry flex_column  post-entry post-entry-26347 slide-entry-overview slide-loop-4 slide-parity-even  post-entry-last  av_one_fourth  real-thumbnail post-format-standard'  itemscope=\"itemscope\" itemtype=\"https:\/\/schema.org\/CreativeWork\" ><a href='https:\/\/abamobile.com\/web\/como-monetizar-una-app-estrategias-para-ganar-dinero\/' data-rel='slide-1' class='slide-image' title='C\u00f3mo monetizar una app: 3 estrategias para ganar dinero'><img decoding=\"async\" width=\"260\" height=\"185\" src=\"https:\/\/abamobile.com\/web\/wp-content\/uploads\/2025\/06\/como-monetizar-una-app-260x185.webp\" class=\"wp-image-26356 avia-img-lazy-loading-not-26356 attachment-portfolio_small size-portfolio_small wp-post-image\" alt=\"como monetizar una app\" title=\"\"><\/a><div class='slide-content'><header class=\"entry-content-header\"><h3 class='slide-entry-title entry-title '  itemprop=\"headline\" ><a href='https:\/\/abamobile.com\/web\/como-monetizar-una-app-estrategias-para-ganar-dinero\/' title='C\u00f3mo monetizar una app: 3 estrategias para ganar dinero'>C\u00f3mo monetizar una app: 3 estrategias para ganar dinero<\/a><\/h3><span class=\"av-vertical-delimiter\"><\/span><\/header><\/div><footer class=\"entry-footer\"><\/footer><span class='hidden'>\n\t\t\t\t<span class='av-structured-data'  itemprop=\"image\" itemscope=\"itemscope\" itemtype=\"https:\/\/schema.org\/ImageObject\" >\n\t\t\t\t\t\t<span itemprop='url'>https:\/\/abamobile.com\/web\/wp-content\/uploads\/2025\/06\/como-monetizar-una-app.webp<\/span>\n\t\t\t\t\t\t<span itemprop='height'>400<\/span>\n\t\t\t\t\t\t<span itemprop='width'>800<\/span>\n\t\t\t\t<\/span>\n\t\t\t\t<span class='av-structured-data'  itemprop=\"publisher\" itemtype=\"https:\/\/schema.org\/Organization\" itemscope=\"itemscope\" >\n\t\t\t\t\t\t<span itemprop='name'>Claudia Fern\u00e1ndez<\/span>\n\t\t\t\t\t\t<span itemprop='logo' itemscope itemtype='https:\/\/schema.org\/ImageObject'>\n\t\t\t\t\t\t\t<span itemprop='url'>https:\/\/abamobile.com\/web\/wp-content\/uploads\/2025\/06\/logo-ABAMobile.webp<\/span>\n\t\t\t\t\t\t <\/span>\n\t\t\t\t<\/span><span class='av-structured-data'  itemprop=\"author\" itemscope=\"itemscope\" itemtype=\"https:\/\/schema.org\/Person\" ><span itemprop='name'>Claudia Fern\u00e1ndez<\/span><\/span><span class='av-structured-data'  itemprop=\"datePublished\" datetime=\"2013-01-07T18:20:57+01:00\" >2025-06-17 11:21:38<\/span><span class='av-structured-data'  itemprop=\"dateModified\" itemtype=\"https:\/\/schema.org\/dateModified\" >2025-06-24 15:08:39<\/span><span class='av-structured-data'  itemprop=\"mainEntityOfPage\" itemtype=\"https:\/\/schema.org\/mainEntityOfPage\" ><span itemprop='name'>C\u00f3mo monetizar una app: 3 estrategias para ganar dinero<\/span><\/span><\/span><\/article><\/div><\/div><\/div>\n<\/div><\/div><\/div><!-- close content main div --><\/div><\/div><div id='after_section_3'  class='main_color av_default_container_wrap container_wrap fullsize'  ><div class='container av-section-cont-open' ><div class='template-page content  av-content-full alpha units'><div class='post-entry post-entry-type-page post-entry-283'><div class='entry-content-wrapper clearfix'>\n\n","protected":false},"excerpt":{"rendered":"","protected":false},"author":1,"featured_media":16536,"parent":0,"menu_order":0,"comment_status":"closed","ping_status":"closed","template":"","meta":{"footnotes":""},"class_list":["post-283","page","type-page","status-publish","has-post-thumbnail","hentry"],"_links":{"self":[{"href":"https:\/\/abamobile.com\/web\/wp-json\/wp\/v2\/pages\/283","targetHints":{"allow":["GET"]}}],"collection":[{"href":"https:\/\/abamobile.com\/web\/wp-json\/wp\/v2\/pages"}],"about":[{"href":"https:\/\/abamobile.com\/web\/wp-json\/wp\/v2\/types\/page"}],"author":[{"embeddable":true,"href":"https:\/\/abamobile.com\/web\/wp-json\/wp\/v2\/users\/1"}],"replies":[{"embeddable":true,"href":"https:\/\/abamobile.com\/web\/wp-json\/wp\/v2\/comments?post=283"}],"version-history":[{"count":0,"href":"https:\/\/abamobile.com\/web\/wp-json\/wp\/v2\/pages\/283\/revisions"}],"wp:featuredmedia":[{"embeddable":true,"href":"https:\/\/abamobile.com\/web\/wp-json\/wp\/v2\/media\/16536"}],"wp:attachment":[{"href":"https:\/\/abamobile.com\/web\/wp-json\/wp\/v2\/media?parent=283"}],"curies":[{"name":"wp","href":"https:\/\/api.w.org\/{rel}","templated":true}]}}