{"id":26721,"date":"2025-09-04T10:37:30","date_gmt":"2025-09-04T08:37:30","guid":{"rendered":"https:\/\/abamobile.com\/web\/?page_id=26721"},"modified":"2025-09-04T12:44:59","modified_gmt":"2025-09-04T10:44:59","slug":"politica-de-privacidad-sprint","status":"publish","type":"page","link":"https:\/\/abamobile.com\/web\/politica-de-privacidad-sprint\/","title":{"rendered":"Pol\u00edtica de privacidad Sprint"},"content":{"rendered":"<h1>Pol\u00edtica de privacidad SPRINT<\/h1>\n<p><b>Fecha de \u00faltima actualizaci\u00f3n:<\/b> 4 de septiembre de 2025<\/p>\n<p>ABAMobile Solutions S.L. (&#8220;nosotros&#8221;, &#8220;nuestro&#8221;) ha desarrollado la aplicaci\u00f3n Sprint como una herramienta para sus usuarios.<\/p>\n<p>Esta p\u00e1gina se utiliza para informar a los visitantes sobre nuestras pol\u00edticas con respecto a la recopilaci\u00f3n, uso y divulgaci\u00f3n de Informaci\u00f3n Personal si alguien decide utilizar nuestra aplicaci\u00f3n, Sprint.<\/p>\n<p>&nbsp;<\/p>\n<h3><b>Recopilaci\u00f3n y Uso de Informaci\u00f3n<\/b><\/h3>\n<p>Para nosotros, la privacidad de nuestros usuarios es de suma importancia. La aplicaci\u00f3n <b>Sprint no recopila, almacena ni comparte ning\u00fan tipo de dato personal o de identificaci\u00f3n<\/b> del usuario.<\/p>\n<p>El funcionamiento de la aplicaci\u00f3n no requiere que nos proporcione ninguna informaci\u00f3n de identificaci\u00f3n personal. Dado que no recopilamos datos, no los utilizamos para ning\u00fan fin ni los compartimos con terceros.<\/p>\n<p>&nbsp;<\/p>\n<h3><b>Permisos de la Aplicaci\u00f3n<\/b><\/h3>\n<p>Sprint puede solicitar ciertos permisos en su dispositivo para funcionar correctamente. Estos permisos se utilizan exclusivamente para las funciones internas de la aplicaci\u00f3n y no se emplean para recopilar datos del usuario o de su dispositivo.<\/p>\n<p>&nbsp;<\/p>\n<h3><b>Proveedores de Servicios<\/b><\/h3>\n<p>No empleamos a terceras empresas o individuos. Todo el funcionamiento de la aplicaci\u00f3n es gestionado internamente por ABAMobile Solutions S.L.<\/p>\n<p>&nbsp;<\/p>\n<h3><b>Seguridad<\/b><\/h3>\n<p>Valoramos su confianza al utilizar nuestra aplicaci\u00f3n. Aunque Sprint no recopila datos, nos esforzamos por utilizar medios comercialmente aceptables para proteger la integridad de la aplicaci\u00f3n.<\/p>\n<p>&nbsp;<\/p>\n<h3><b>Enlaces a Otros Sitios<\/b><\/h3>\n<p>Esta aplicaci\u00f3n no contiene enlaces a otros sitios web.<\/p>\n<p>&nbsp;<\/p>\n<h3><b>Privacidad de los Ni\u00f1os<\/b><\/h3>\n<p>Nuestra aplicaci\u00f3n no se dirige a menores de 13 a\u00f1os. Dado que no recopilamos ning\u00fan tipo de informaci\u00f3n personal, no recopilamos datos de ni\u00f1os a sabiendas.<\/p>\n<p>&nbsp;<\/p>\n<h3><b>Cambios en Esta Pol\u00edtica de Privacidad<\/b><\/h3>\n<p>Podemos actualizar nuestra Pol\u00edtica de Privacidad de vez en cuando. Por lo tanto, se le aconseja que revise esta p\u00e1gina peri\u00f3dicamente para cualquier cambio. Le notificaremos cualquier cambio publicando la nueva Pol\u00edtica de Privacidad en esta p\u00e1gina.<\/p>\n<p>Estos cambios son efectivos inmediatamente despu\u00e9s de su publicaci\u00f3n en esta p\u00e1gina.<\/p>\n<p>&nbsp;<\/p>\n<h3><b>Contacto<\/b><\/h3>\n<p>Si tiene alguna pregunta o sugerencia sobre nuestra Pol\u00edtica de Privacidad, no dude en ponerse en contacto a trav\u00e9s de nuestra secci\u00f3n Contacto o en:<\/p>\n<p><b>ABAMobile Solutions S.L.<\/b><br \/>\nPe\u00f1a Brava 21, Silvota,<br \/>\n33192, LLanera,<br \/>\nAsturias, Espa\u00f1a<br \/>\ninfo@abamobile.com<\/p>\n","protected":false},"excerpt":{"rendered":"<p>Pol\u00edtica de privacidad SPRINT Fecha de \u00faltima actualizaci\u00f3n: 4 de septiembre de 2025 ABAMobile Solutions S.L. (&#8220;nosotros&#8221;, &#8220;nuestro&#8221;) ha desarrollado la aplicaci\u00f3n Sprint como una herramienta para sus usuarios. Esta p\u00e1gina se utiliza para informar a los visitantes sobre nuestras pol\u00edticas con respecto a la recopilaci\u00f3n, uso y divulgaci\u00f3n de Informaci\u00f3n Personal si alguien decide [&hellip;]<\/p>\n","protected":false},"author":1,"featured_media":0,"parent":0,"menu_order":0,"comment_status":"closed","ping_status":"closed","template":"","meta":{"footnotes":""},"class_list":["post-26721","page","type-page","status-publish","hentry"],"_links":{"self":[{"href":"https:\/\/abamobile.com\/web\/wp-json\/wp\/v2\/pages\/26721","targetHints":{"allow":["GET"]}}],"collection":[{"href":"https:\/\/abamobile.com\/web\/wp-json\/wp\/v2\/pages"}],"about":[{"href":"https:\/\/abamobile.com\/web\/wp-json\/wp\/v2\/types\/page"}],"author":[{"embeddable":true,"href":"https:\/\/abamobile.com\/web\/wp-json\/wp\/v2\/users\/1"}],"replies":[{"embeddable":true,"href":"https:\/\/abamobile.com\/web\/wp-json\/wp\/v2\/comments?post=26721"}],"version-history":[{"count":3,"href":"https:\/\/abamobile.com\/web\/wp-json\/wp\/v2\/pages\/26721\/revisions"}],"predecessor-version":[{"id":26728,"href":"https:\/\/abamobile.com\/web\/wp-json\/wp\/v2\/pages\/26721\/revisions\/26728"}],"wp:attachment":[{"href":"https:\/\/abamobile.com\/web\/wp-json\/wp\/v2\/media?parent=26721"}],"curies":[{"name":"wp","href":"https:\/\/api.w.org\/{rel}","templated":true}]}}