{"id":24040,"date":"2024-09-06T13:56:29","date_gmt":"2024-09-06T11:56:29","guid":{"rendered":"https:\/\/abamobile.com\/web\/?page_id=24040"},"modified":"2024-09-06T14:54:44","modified_gmt":"2024-09-06T12:54:44","slug":"escribenos-y-habla-con-un-experto-en-apps","status":"publish","type":"page","link":"https:\/\/abamobile.com\/web\/escribenos-y-habla-con-un-experto-en-apps\/","title":{"rendered":"Escr\u00edbenos y habla con un experto"},"content":{"rendered":"<div id='av_section_1'  class='avia-section av-7iamq6g-4963f3a8fefc7a38570bc49be00eb9ac main_color avia-section-default avia-no-border-styling  avia-builder-el-0  el_before_av_section  avia-builder-el-first  av-small-hide av-mini-hide avia-bg-style-scroll container_wrap fullsize'  ><div class='container av-section-cont-open' ><main  role=\"main\" itemprop=\"mainContentOfPage\"  class='template-page content  av-content-full alpha units'><div class='post-entry post-entry-type-page post-entry-24040'><div class='entry-content-wrapper clearfix'>\n<div class='flex_column av-78ixz54-7b2cb1c599b69f01d9af581c73fc22db av_one_fifth  avia-builder-el-1  el_before_av_one_fifth  avia-builder-el-first  first flex_column_div '   ><p>\n<style type=\"text\/css\" data-created_by=\"avia_inline_auto\" id=\"style-css-av-6tjpojs-b4feb9ac77788341f9883260436a431b\">\n.avia-image-container.av-6tjpojs-b4feb9ac77788341f9883260436a431b .av-image-caption-overlay-center{\ncolor:#ffffff;\n}\n<\/style>\n<div  class='avia-image-container av-6tjpojs-b4feb9ac77788341f9883260436a431b av-styling- avia-align-center  avia-builder-el-2  el_before_av_hr  avia-builder-el-first '  itemprop=\"image\" itemscope=\"itemscope\" itemtype=\"https:\/\/schema.org\/ImageObject\" ><div class=\"avia-image-container-inner\"><div class=\"avia-image-overlay-wrap\"><a href=\"https:\/\/abamobile.com\/web\/\" class='avia_image' ><img decoding=\"async\" width=\"340\" height=\"156\" class='wp-image-9621 avia-img-lazy-loading-not-9621 avia_image' src=\"https:\/\/abamobile.com\/web\/wp-content\/uploads\/2020\/10\/logo-ABAMobile-web.png\" alt='logo ABAMobile web' title='logo ABAMobile web'  itemprop=\"thumbnailUrl\" srcset=\"https:\/\/abamobile.com\/web\/wp-content\/uploads\/2020\/10\/logo-ABAMobile-web.png 340w, https:\/\/abamobile.com\/web\/wp-content\/uploads\/2020\/10\/logo-ABAMobile-web-300x138.png 300w\" sizes=\"(max-width: 340px) 100vw, 340px\" \/><\/a><\/div><\/div><\/div><br \/>\n\n<style type=\"text\/css\" data-created_by=\"avia_inline_auto\" id=\"style-css-av-63zdtmw-2c44db7d4e2a9176ecc5f637685595b2\">\n#top .hr.hr-invisible.av-63zdtmw-2c44db7d4e2a9176ecc5f637685595b2{\nmargin-top:-50px;\nheight:1px;\n}\n<\/style>\n<div  class='hr av-63zdtmw-2c44db7d4e2a9176ecc5f637685595b2 hr-invisible  avia-builder-el-3  el_after_av_image  avia-builder-el-last '><span class='hr-inner '><span class=\"hr-inner-style\"><\/span><\/span><\/div><\/p><\/div><div class='flex_column av-kflkg8-61b5d9dc7bb85f3172994f8b2c4c2367 av_one_fifth  avia-builder-el-4  el_after_av_one_fifth  el_before_av_one_third  flex_column_div '   ><\/div><div class='flex_column av-5fkule0-bcacf557ef450a2f312dd3235ce1ef35 av_one_third  avia-builder-el-5  el_after_av_one_fifth  el_before_av_one_fourth  flex_column_div '   ><\/div><div class='flex_column av-2ur93ig-170a9a48c36c36c36b44daa23f9b0e86 av_one_fourth  avia-builder-el-6  el_after_av_one_third  avia-builder-el-last  flex_column_div '   ><p>\n<style type=\"text\/css\" data-created_by=\"avia_inline_auto\" id=\"style-css-av-2l3739k-bef1ab41dcd066573761d59c5bb847b3\">\n#top .hr.hr-invisible.av-2l3739k-bef1ab41dcd066573761d59c5bb847b3{\nheight:20px;\n}\n<\/style>\n<div  class='hr av-2l3739k-bef1ab41dcd066573761d59c5bb847b3 hr-invisible  avia-builder-el-7  el_before_av_icon_box  avia-builder-el-first '><span class='hr-inner '><span class=\"hr-inner-style\"><\/span><\/span><\/div><br \/>\n\n<style type=\"text\/css\" data-created_by=\"avia_inline_auto\" id=\"style-css-av-m0qm3wg7-b223921f9fdb145239a7ae1c72f9cbbb\">\n.iconbox.av-m0qm3wg7-b223921f9fdb145239a7ae1c72f9cbbb .iconbox_icon{\nbackground-color:#508cbd;\ncolor:#ffffff;\n}\n#top #wrap_all .iconbox.av-m0qm3wg7-b223921f9fdb145239a7ae1c72f9cbbb .iconbox_content_title{\nfont-size:15px;\n}\n.iconbox.av-m0qm3wg7-b223921f9fdb145239a7ae1c72f9cbbb .iconbox_content_container{\nfont-size:15px;\n}\n<\/style>\n<article  class='iconbox iconbox_left av-m0qm3wg7-b223921f9fdb145239a7ae1c72f9cbbb  avia-builder-el-8  el_after_av_hr  avia-builder-el-last '  itemscope=\"itemscope\" itemtype=\"https:\/\/schema.org\/CreativeWork\" ><div class=\"iconbox_content\"><header class=\"entry-content-header\"><a href='tel:+34 984 11 10 10' title='Cont\u00e1ctanos'  class=\"iconbox_icon heading-color\" aria-hidden='true' data-av_icon='\ue854' data-av_iconfont='entypo-fontello'><\/a><h3 class='iconbox_content_title '  itemprop=\"headline\" ><a href='tel:+34 984 11 10 10' title='Cont\u00e1ctanos' >Cont\u00e1ctanos<\/a><\/h3><\/header><div class='iconbox_content_container '  itemprop=\"text\" ><p><a href=\"tel:+34 984 11 10 10\">+34 984 11 10 10<\/a><\/p>\n<\/div><\/div><footer class=\"entry-footer\"><\/footer><\/article><\/p><\/div>\n\n<\/div><\/div><\/main><!-- close content main element --><\/div><\/div><div id='av_section_2'  class='avia-section av-3mh3le0-1952f8198feceaa27beae4cd01f2b4c9 main_color avia-section-default avia-no-border-styling  avia-builder-el-9  el_after_av_section  el_before_av_section  av-desktop-hide av-medium-hide avia-bg-style-scroll container_wrap fullsize'  ><div class='container av-section-cont-open' ><div class='template-page content  av-content-full alpha units'><div class='post-entry post-entry-type-page post-entry-24040'><div class='entry-content-wrapper clearfix'>\n<div class='flex_column av-2t38lqg-2f918c395e8285f8c1e8da6f0c088949 av_one_fifth  avia-builder-el-10  el_before_av_one_fifth  avia-builder-el-first  first flex_column_div '   ><style type=\"text\/css\" data-created_by=\"avia_inline_auto\" id=\"style-css-av-2elvbag-b2e44a0ca9f1074cc9b49c1a0b5292ee\">\n.avia-image-container.av-2elvbag-b2e44a0ca9f1074cc9b49c1a0b5292ee .av-image-caption-overlay-center{\ncolor:#ffffff;\n}\n<\/style>\n<div  class='avia-image-container av-2elvbag-b2e44a0ca9f1074cc9b49c1a0b5292ee av-styling- avia-align-center  avia-builder-el-11  avia-builder-el-no-sibling '  itemprop=\"image\" itemscope=\"itemscope\" itemtype=\"https:\/\/schema.org\/ImageObject\" ><div class=\"avia-image-container-inner\"><div class=\"avia-image-overlay-wrap\"><a href=\"https:\/\/abamobile.com\/web\/\" class='avia_image' ><img decoding=\"async\" width=\"180\" height=\"70\" class='wp-image-20912 avia-img-lazy-loading-not-20912 avia_image' src=\"https:\/\/abamobile.com\/web\/wp-content\/uploads\/2024\/02\/logo-abamobile-movil.png\" alt='logo abamobile movil' title='logo abamobile movil'  itemprop=\"thumbnailUrl\"  \/><\/a><\/div><\/div><\/div><\/div><div class='flex_column av-21oxwzs-371d52f6fabf8c64696b0ce6c4047a02 av_one_fifth  avia-builder-el-12  el_after_av_one_fifth  avia-builder-el-last  flex_column_div '   ><\/div>\n\n<\/div><\/div><\/div><!-- close content main div --><\/div><\/div><div id='formulario-contacto'  class='avia-section av-m0qlvpau-6cce30d0cf08f7234b4673702c52cb13 main_color avia-section-default avia-no-border-styling  avia-builder-el-13  el_after_av_section  el_before_av_section  avia-bg-style-scroll container_wrap fullsize'  ><div class='container av-section-cont-open' ><div class='template-page content  av-content-full alpha units'><div class='post-entry post-entry-type-page post-entry-24040'><div class='entry-content-wrapper clearfix'>\n<section  class='av_textblock_section av-m0ql9hyz-5f64117c1640d00c47676c51c4554e95'  itemscope=\"itemscope\" itemtype=\"https:\/\/schema.org\/CreativeWork\" ><div class='avia_textblock'  itemprop=\"text\" ><h1 style=\"text-align: center;\">Escr\u00edbenos y te pondremos en contacto con un experto<\/h1>\n<\/div><\/section>\n\n<style type=\"text\/css\" data-created_by=\"avia_inline_auto\" id=\"style-css-av-m0qle9y3-37a376b726445ec0c5da0469492228fb\">\n#top .av_textblock_section.av-m0qle9y3-37a376b726445ec0c5da0469492228fb .avia_textblock{\nfont-size:20px;\n}\n<\/style>\n<section  class='av_textblock_section av-m0qle9y3-37a376b726445ec0c5da0469492228fb'  itemscope=\"itemscope\" itemtype=\"https:\/\/schema.org\/CreativeWork\" ><div class='avia_textblock'  itemprop=\"text\" ><p style=\"text-align: center;\">Transforma tu negocio con una app hecha a medida. En ABAMobile, <strong><span style=\"color: #333333;\">nos ocupamos de todas las fases del proceso de desarrollo<\/span><\/strong>, desde la consultor\u00eda inicial hasta el posterior mantenimiento de la aplicaci\u00f3n.<\/p>\n<p style=\"text-align: center;\">M\u00e1s de 11 a\u00f1os de experiencia nos ayudan a saber lo que cada cliente necesita. <strong><span style=\"color: #333333;\">\u00a1No esperes m\u00e1s y contacta con nosotros!<\/span><\/strong><\/p>\n<\/div><\/section>\n<div class='flex_column av-pv26co-91e4fd088671d598212fc99ce4ba38ea av_one_full  avia-builder-el-16  el_after_av_textblock  avia-builder-el-last  first flex_column_div column-top-margin'   ><\/div>\n\n<\/div><\/div><\/div><!-- close content main div --><\/div><\/div>\n<style type=\"text\/css\" data-created_by=\"avia_inline_auto\" id=\"style-css-av-m0qmu1mc-ee9837ae4549def7480f1cd0b223c192\">\n.avia-section.av-m0qmu1mc-ee9837ae4549def7480f1cd0b223c192 .av-parallax .av-parallax-inner{\nbackground-color:#fcfcfc;\nbackground-repeat:no-repeat;\nbackground-image:url(https:\/\/abamobile.com\/web\/wp-content\/uploads\/2024\/06\/especialistas-en-desarrollo-de-apps-para-IoT-1.webp);\nbackground-position:50% 50%;\nbackground-attachment:scroll;\n}\n.avia-section.av-m0qmu1mc-ee9837ae4549def7480f1cd0b223c192 .av-section-color-overlay{\nopacity:0.7;\nbackground-color:#000000;\n}\n<\/style>\n<div id='av_section_4'  class='avia-section av-m0qmu1mc-ee9837ae4549def7480f1cd0b223c192 main_color avia-section-default avia-no-border-styling  avia-builder-el-18  el_after_av_section  el_before_av_section  avia-full-stretch av-parallax-section avia-bg-style-parallax av-section-color-overlay-active container_wrap fullsize'  data-section-bg-repeat='stretch'><div class='av-parallax' data-avia-parallax-ratio='0.3' ><div class='av-parallax-inner main_color avia-full-stretch'><\/div><\/div><div class='av-section-color-overlay-wrap'><div class=\"av-section-color-overlay\"><\/div><div class='container av-section-cont-open' ><div class='template-page content  av-content-full alpha units'><div class='post-entry post-entry-type-page post-entry-24040'><div class='entry-content-wrapper clearfix'>\n<div class='flex_column av-280m2q0-40f78e3b3d0c05cf83f16e21748729aa av_one_fifth  avia-builder-el-19  el_before_av_three_fifth  avia-builder-el-first  first flex_column_div '   ><\/div><div class='flex_column av-1lz3jns-05a668080ade55f7aa08a2f093416ca0 av_three_fifth  avia-builder-el-20  el_after_av_one_fifth  el_before_av_one_fifth  flex_column_div '   ><style type=\"text\/css\" data-created_by=\"avia_inline_auto\" id=\"style-css-av-m0qmw3xc-c098962ab33c5dcb74a18270fd73cfe3\">\n#top .av_textblock_section.av-m0qmw3xc-c098962ab33c5dcb74a18270fd73cfe3 .avia_textblock{\nfont-size:25px;\n}\n<\/style>\n<section  class='av_textblock_section av-m0qmw3xc-c098962ab33c5dcb74a18270fd73cfe3'  itemscope=\"itemscope\" itemtype=\"https:\/\/schema.org\/CreativeWork\" ><div class='avia_textblock'  itemprop=\"text\" ><p style=\"text-align: center;\"><span style=\"color: #ffffff;\">Somos expertos en el desarrollo de aplicaciones m\u00f3viles a medida. Cu\u00e9ntanos la idea que tienes en mente y nuestro equipo la har\u00e1 realidad. \u00a1Ponte en contacto ahora!<\/span><\/p>\n<\/div><\/section><br \/>\n<div  class='avia-button-wrap avia-button-center  avia-builder-el-22  el_after_av_textblock  avia-builder-el-last ' ><a href='#formulario-contacto'  class='avia-button av-1cwf014-d900b66e2506ab46ecddb5c9521e7667 avia-icon_select-no avia-size-x-large avia-position-center avia-color-theme-color' ><span class='avia_iconbox_title' >CONTACTA CON NOSOTROS<\/span><\/a><\/div><\/p><\/div><div class='flex_column av-l3w1xk-5fe23c2a2631d8f4ec44e8896950d6d3 av_one_fifth  avia-builder-el-23  el_after_av_three_fifth  avia-builder-el-last  flex_column_div '   ><\/div><\/div><\/div><\/div><!-- close content main div --><\/div><\/div><\/div><div id='av_section_5'  class='avia-section av-m0qml38e-581b4a16edfc8e87c216892078cf423f main_color avia-section-default avia-no-border-styling  avia-builder-el-24  el_after_av_section  avia-builder-el-last  av-desktop-hide av-medium-hide avia-bg-style-scroll container_wrap fullsize'  ><div class='container av-section-cont-open' ><div class='template-page content  av-content-full alpha units'><div class='post-entry post-entry-type-page post-entry-24040'><div class='entry-content-wrapper clearfix'>\n<div class='flex_column av-1jy3sw8-f365fb0ec968f847fb8645a3850a21b0 av_one_fifth  avia-builder-el-25  avia-builder-el-no-sibling  first flex_column_div '   ><style type=\"text\/css\" data-created_by=\"avia_inline_auto\" id=\"style-css-av-m0qofuvm-7217e292224ef899b89bdcb26d16fdc9\">\n.iconbox.av-m0qofuvm-7217e292224ef899b89bdcb26d16fdc9 .iconbox_icon{\nbackground-color:#508cbd;\ncolor:#ffffff;\n}\n#top #wrap_all .iconbox.av-m0qofuvm-7217e292224ef899b89bdcb26d16fdc9 .iconbox_content_title{\nfont-size:15px;\n}\n.iconbox.av-m0qofuvm-7217e292224ef899b89bdcb26d16fdc9 .iconbox_content_container{\nfont-size:15px;\n}\n<\/style>\n<article  class='iconbox iconbox_left av-m0qofuvm-7217e292224ef899b89bdcb26d16fdc9  avia-builder-el-26  avia-builder-el-no-sibling '  itemscope=\"itemscope\" itemtype=\"https:\/\/schema.org\/CreativeWork\" ><div class=\"iconbox_content\"><header class=\"entry-content-header\"><a href='tel:+34 984 11 10 10' title='Cont\u00e1ctanos'  class=\"iconbox_icon heading-color\" aria-hidden='true' data-av_icon='\ue854' data-av_iconfont='entypo-fontello'><\/a><h3 class='iconbox_content_title '  itemprop=\"headline\" ><a href='tel:+34 984 11 10 10' title='Cont\u00e1ctanos' >Cont\u00e1ctanos<\/a><\/h3><\/header><div class='iconbox_content_container '  itemprop=\"text\" ><p><a href=\"tel:+34 984 11 10 10\">+34 984 11 10 10<\/a><\/p>\n<\/div><\/div><footer class=\"entry-footer\"><\/footer><\/article><\/div>\n<\/p>\n","protected":false},"excerpt":{"rendered":"","protected":false},"author":3,"featured_media":23659,"parent":0,"menu_order":0,"comment_status":"closed","ping_status":"closed","template":"template-blank.php","meta":{"footnotes":""},"class_list":["post-24040","page","type-page","status-publish","has-post-thumbnail","hentry"],"_links":{"self":[{"href":"https:\/\/abamobile.com\/web\/wp-json\/wp\/v2\/pages\/24040","targetHints":{"allow":["GET"]}}],"collection":[{"href":"https:\/\/abamobile.com\/web\/wp-json\/wp\/v2\/pages"}],"about":[{"href":"https:\/\/abamobile.com\/web\/wp-json\/wp\/v2\/types\/page"}],"author":[{"embeddable":true,"href":"https:\/\/abamobile.com\/web\/wp-json\/wp\/v2\/users\/3"}],"replies":[{"embeddable":true,"href":"https:\/\/abamobile.com\/web\/wp-json\/wp\/v2\/comments?post=24040"}],"version-history":[{"count":1,"href":"https:\/\/abamobile.com\/web\/wp-json\/wp\/v2\/pages\/24040\/revisions"}],"predecessor-version":[{"id":26659,"href":"https:\/\/abamobile.com\/web\/wp-json\/wp\/v2\/pages\/24040\/revisions\/26659"}],"wp:featuredmedia":[{"embeddable":true,"href":"https:\/\/abamobile.com\/web\/wp-json\/wp\/v2\/media\/23659"}],"wp:attachment":[{"href":"https:\/\/abamobile.com\/web\/wp-json\/wp\/v2\/media?parent=24040"}],"curies":[{"name":"wp","href":"https:\/\/api.w.org\/{rel}","templated":true}]}}