{"id":20488,"date":"2025-04-20T23:09:14","date_gmt":"2025-04-20T21:09:14","guid":{"rendered":"https:\/\/abamobile.com\/web\/?page_id=20488"},"modified":"2025-04-20T23:09:14","modified_gmt":"2025-04-20T21:09:14","slug":"whitepaper-gratis-como-rentabilizar-tu-app-integrando-compras","status":"publish","type":"page","link":"https:\/\/abamobile.com\/web\/whitepaper-gratis-como-rentabilizar-tu-app-integrando-compras\/","title":{"rendered":"Whitepaper Gratis: \u00bfC\u00f3mo rentabilizar tu app integrando compras?"},"content":{"rendered":"<div id='av_section_1'  class='avia-section av-231vo6g-095cc3cd74a3777d80a1dfc47d089fef main_color avia-section-default avia-no-border-styling  avia-builder-el-0  el_before_av_section  avia-builder-el-first  avia-bg-style-scroll container_wrap fullsize'  ><div class='container av-section-cont-open' ><main  role=\"main\" itemprop=\"mainContentOfPage\"  class='template-page content  av-content-full alpha units'><div class='post-entry post-entry-type-page post-entry-20488'><div class='entry-content-wrapper clearfix'>\n<div class='flex_column av-1luzkug-0324dbc9b36aa9623b6914b3f52960b6 av_one_fifth  avia-builder-el-1  avia-builder-el-no-sibling  first flex_column_div '   ><p>\n<style type=\"text\/css\" data-created_by=\"avia_inline_auto\" id=\"style-css-av-112nulk-1b89bc194e05ce5c4c977749b99819bf\">\n.avia-image-container.av-112nulk-1b89bc194e05ce5c4c977749b99819bf .av-image-caption-overlay-center{\ncolor:#ffffff;\n}\n<\/style>\n<div  class='avia-image-container av-112nulk-1b89bc194e05ce5c4c977749b99819bf av-styling- avia-align-center  avia-builder-el-2  el_before_av_hr  avia-builder-el-first '  itemprop=\"image\" itemscope=\"itemscope\" itemtype=\"https:\/\/schema.org\/ImageObject\" ><div class=\"avia-image-container-inner\"><div class=\"avia-image-overlay-wrap\"><a href=\"https:\/\/abamobile.com\/web\/\" class='avia_image' ><img decoding=\"async\" width=\"180\" height=\"70\" class='wp-image-20912 avia-img-lazy-loading-not-20912 avia_image' src=\"https:\/\/abamobile.com\/web\/wp-content\/uploads\/2024\/02\/logo-abamobile-movil.png\" alt='logo abamobile movil' title='logo abamobile movil'  itemprop=\"thumbnailUrl\"  \/><\/a><\/div><\/div><\/div><br \/>\n\n<style type=\"text\/css\" data-created_by=\"avia_inline_auto\" id=\"style-css-av-ruk9d4-7dbefb0f7bc9d6ce4d77d3a75e0d8d58\">\n#top .hr.hr-invisible.av-ruk9d4-7dbefb0f7bc9d6ce4d77d3a75e0d8d58{\nmargin-top:-50px;\nheight:1px;\n}\n<\/style>\n<div  class='hr av-ruk9d4-7dbefb0f7bc9d6ce4d77d3a75e0d8d58 hr-invisible  avia-builder-el-3  el_after_av_image  avia-builder-el-last '><span class='hr-inner '><span class=\"hr-inner-style\"><\/span><\/span><\/div><\/p><\/div>\n\n<\/div><\/div><\/main><!-- close content main element --><\/div><\/div>\n<style type=\"text\/css\" data-created_by=\"avia_inline_auto\" id=\"style-css-av-8z13k3s-65a5fcbb405b0597c955528c678da936\">\n.avia-section.av-8z13k3s-65a5fcbb405b0597c955528c678da936 .av-parallax .av-parallax-inner{\nbackground-repeat:no-repeat;\nbackground-image:url(https:\/\/abamobile.com\/web\/wp-content\/uploads\/2024\/02\/ebook-compras-in-app.jpg);\nbackground-position:50% 50%;\nbackground-attachment:scroll;\n}\n.avia-section.av-8z13k3s-65a5fcbb405b0597c955528c678da936 .av-section-color-overlay{\nopacity:0.6;\nbackground-color:#000000;\n}\n<\/style>\n<div id='av_section_2'  class='avia-section av-8z13k3s-65a5fcbb405b0597c955528c678da936 main_color avia-section-default avia-no-border-styling  avia-builder-el-4  el_after_av_section  el_before_av_section  av-parallax-section avia-bg-style-parallax av-section-color-overlay-active container_wrap fullsize'  data-section-bg-repeat='no-repeat'><div class='av-parallax' data-avia-parallax-ratio='0.3' ><div class='av-parallax-inner main_color avia-full-stretch'><\/div><\/div><div class='av-section-color-overlay-wrap'><div class=\"av-section-color-overlay\"><\/div><div class='container av-section-cont-open' ><div class='template-page content  av-content-full alpha units'><div class='post-entry post-entry-type-page post-entry-20488'><div class='entry-content-wrapper clearfix'>\n\n<style type=\"text\/css\" data-created_by=\"avia_inline_auto\" id=\"style-css-av-lsn1u9b7-cac5a23651e136661f10fcfa4d4d37d9\">\n#top .hr.hr-invisible.av-lsn1u9b7-cac5a23651e136661f10fcfa4d4d37d9{\nheight:15px;\n}\n<\/style>\n<div  class='hr av-lsn1u9b7-cac5a23651e136661f10fcfa4d4d37d9 hr-invisible  avia-builder-el-5  el_before_av_textblock  avia-builder-el-first  av-small-hide av-mini-hide'><span class='hr-inner '><span class=\"hr-inner-style\"><\/span><\/span><\/div>\n<section  class='av_textblock_section av-lsn1wpo2-ab8a7e23fa8c621ad1dd67a2ae15ead8'  itemscope=\"itemscope\" itemtype=\"https:\/\/schema.org\/CreativeWork\" ><div class='avia_textblock'  itemprop=\"text\" ><h1 style=\"text-align: center;\"><span style=\"color: #ffffff;\">\u00bfQuieres rentabilizar tu app integrando compras? \u00a1Te contamos c\u00f3mo!<\/span><\/h1>\n<\/div><\/section>\n\n<style type=\"text\/css\" data-created_by=\"avia_inline_auto\" id=\"style-css-av-lsn1xvvf-30125e75fb5e7398e50fc9acb9a2cd44\">\n#top .av_textblock_section.av-lsn1xvvf-30125e75fb5e7398e50fc9acb9a2cd44 .avia_textblock{\nfont-size:20px;\n}\n<\/style>\n<section  class='av_textblock_section av-lsn1xvvf-30125e75fb5e7398e50fc9acb9a2cd44'  itemscope=\"itemscope\" itemtype=\"https:\/\/schema.org\/CreativeWork\" ><div class='avia_textblock'  itemprop=\"text\" ><p style=\"text-align: center;\"><span style=\"color: #ffffff;\">En este Whitepaper gratuito te explicamos en detalle las diferentes opciones de compras in-app que puedes activar en tu aplicaci\u00f3n<\/span><\/p>\n<\/div><\/section>\n<div  class='avia-button-wrap avia-button-center  avia-builder-el-8  el_after_av_textblock  el_before_av_hr ' ><a href='#formulario-whitepaper'  class='avia-button av-lsn1nflb-910ace5db0643d65a4a120ea8ce8cc95 avia-icon_select-no avia-size-x-large avia-position-center avia-color-theme-color' ><span class='avia_iconbox_title' >ME INTERESA<\/span><\/a><\/div>\n\n<style type=\"text\/css\" data-created_by=\"avia_inline_auto\" id=\"style-css-av-lsn1uduz-7d7e53c7ff2aa2b4d1431643a69dbeec\">\n#top .hr.hr-invisible.av-lsn1uduz-7d7e53c7ff2aa2b4d1431643a69dbeec{\nheight:15px;\n}\n<\/style>\n<div  class='hr av-lsn1uduz-7d7e53c7ff2aa2b4d1431643a69dbeec hr-invisible  avia-builder-el-9  el_after_av_button  avia-builder-el-last  av-small-hide av-mini-hide'><span class='hr-inner '><span class=\"hr-inner-style\"><\/span><\/span><\/div>\n<\/div><\/div><\/div><!-- close content main div --><\/div><\/div><\/div><div id='av_section_3'  class='avia-section av-8lexdrc-2d725554eee3e2366f7c94a5cbd36ccf main_color avia-section-default avia-no-border-styling  avia-builder-el-10  el_after_av_section  el_before_av_section  avia-bg-style-scroll container_wrap fullsize'  ><div class='container av-section-cont-open' ><div class='template-page content  av-content-full alpha units'><div class='post-entry post-entry-type-page post-entry-20488'><div class='entry-content-wrapper clearfix'>\n<div class='flex_column av-7nlbsi0-c6def448e1fb588f8d670bdc5853c48d av_one_half  avia-builder-el-11  el_before_av_one_half  avia-builder-el-first  first flex_column_div '   ><p><section  class='av_textblock_section av-lsn1cg4m-7fcfaff9fe0e5786ee783caa7b745e87'  itemscope=\"itemscope\" itemtype=\"https:\/\/schema.org\/CreativeWork\" ><div class='avia_textblock'  itemprop=\"text\" ><p><span style=\"color: #008080;\">SISTEMAS DE SUSCRIPCIONES Y C\u00d3DIGOS PROMOCIONALES<\/span><\/p>\n<\/div><\/section><br \/>\n<section  class='av_textblock_section av-lsn1fu5b-9ef7a6c60e479064dda5b73178aca9ae'  itemscope=\"itemscope\" itemtype=\"https:\/\/schema.org\/CreativeWork\" ><div class='avia_textblock'  itemprop=\"text\" ><h2>Suscripciones y c\u00f3digos promocionales para monetizar una app<\/h2>\n<\/div><\/section><br \/>\n\n<style type=\"text\/css\" data-created_by=\"avia_inline_auto\" id=\"style-css-av-71qjgko-1ea19f647e2da782848d611de87f5a0c\">\n#top .av_textblock_section.av-71qjgko-1ea19f647e2da782848d611de87f5a0c .avia_textblock{\nfont-size:16px;\n}\n<\/style>\n<section  class='av_textblock_section av-71qjgko-1ea19f647e2da782848d611de87f5a0c'  itemscope=\"itemscope\" itemtype=\"https:\/\/schema.org\/CreativeWork\" ><div class='avia_textblock'  itemprop=\"text\" ><p>Las compras in-app suponen un modelo de negocio cada vez m\u00e1s utilizado ya que <strong><span style=\"color: #333333;\">supone una forma de obtener beneficios y rentabilizar una app<\/span><\/strong>.<\/p>\n<p>Dentro de las compras in-app se pueden destacar las<strong><span style=\"color: #333333;\"> suscripciones y los c\u00f3digos promocionales<\/span><\/strong>. Ambos permiten <strong><span style=\"color: #333333;\">ofrecer productos de compra<\/span><\/strong> en aplicaciones que cobran a los usuarios de forma peri\u00f3dica o <strong><span style=\"color: #333333;\">brindar productos \u00fanicos<\/span><\/strong> a los usuarios.<\/p>\n<p>\u00bfQuieres saber m\u00e1s?<\/p>\n<p><strong><span style=\"color: #333333;\">Descarga el Whitepaper gratuito que hemos preparado para t\u00ed \u2192<\/span><\/strong><\/p>\n<\/div><\/section><\/p><\/div>\n<style type=\"text\/css\" data-created_by=\"avia_inline_auto\" id=\"style-css-av-6pp61c8-44fca8011b99964863768e1af6851a21\">\n.flex_column.av-6pp61c8-44fca8011b99964863768e1af6851a21{\npadding:5% 5% 5% 5%;\nbackground-color:#f2f2f2;\n}\n<\/style>\n<div class='flex_column av-6pp61c8-44fca8011b99964863768e1af6851a21 av_one_half  avia-builder-el-15  el_after_av_one_half  avia-builder-el-last  flex_column_div '   id=\"formulario-whitepaper\"  ><section  class='av_textblock_section av-m6y3nlvp-9148a5e760cc0250d4cecb6c8effc2a6'  itemscope=\"itemscope\" itemtype=\"https:\/\/schema.org\/CreativeWork\" ><div class='avia_textblock'  itemprop=\"text\" ><h2>Descarga tu Whitepaper gratuito<\/h2>\n<\/div><\/section><br \/>\n<\/p><\/div><\/div><\/div><\/div><!-- close content main div --><\/div><\/div><div id='av_section_4'  class='avia-section av-3heqg20-bd8e7378d301fbcb32560f7918de0d6e main_color avia-section-default avia-no-border-styling  avia-builder-el-18  el_after_av_section  el_before_av_section  avia-bg-style-scroll container_wrap fullsize'  ><div class='container av-section-cont-open' ><div class='template-page content  av-content-full alpha units'><div class='post-entry post-entry-type-page post-entry-20488'><div class='entry-content-wrapper clearfix'>\n<div class='flex_column av-2l5ggmg-2a60a840febbfb85324dd1fe7f2ceeeb av_one_half  avia-builder-el-19  el_before_av_one_half  avia-builder-el-first  first flex_column_div '   ><style type=\"text\/css\" data-created_by=\"avia_inline_auto\" id=\"style-css-av-sy3t4-2637e164834cd327599e847ff9fb6df1\">\n.avia-image-container.av-sy3t4-2637e164834cd327599e847ff9fb6df1 .av-image-caption-overlay-center{\ncolor:#ffffff;\n}\n<\/style>\n<div  class='avia-image-container av-sy3t4-2637e164834cd327599e847ff9fb6df1 av-styling- avia-align-center  avia-builder-el-20  avia-builder-el-no-sibling '  itemprop=\"image\" itemscope=\"itemscope\" itemtype=\"https:\/\/schema.org\/ImageObject\" ><div class=\"avia-image-container-inner\"><div class=\"avia-image-overlay-wrap\"><img decoding=\"async\" class='wp-image-22619 avia-img-lazy-loading-not-22619 avia_image' src=\"https:\/\/abamobile.com\/web\/wp-content\/uploads\/2024\/04\/whitepaper-suscripciones-y-codigos-en-apps.webp\" alt='whitepaper suscripciones y codigos en apps' title='whitepaper suscripciones y codigos en apps'  height=\"450\" width=\"500\"  itemprop=\"thumbnailUrl\" srcset=\"https:\/\/abamobile.com\/web\/wp-content\/uploads\/2024\/04\/whitepaper-suscripciones-y-codigos-en-apps.webp 500w, https:\/\/abamobile.com\/web\/wp-content\/uploads\/2024\/04\/whitepaper-suscripciones-y-codigos-en-apps-300x270.webp 300w\" sizes=\"(max-width: 500px) 100vw, 500px\" \/><\/div><\/div><\/div><\/div><div class='flex_column av-1jm7220-0811d993e07c42a706367d3c44b8bc8a av_one_half  avia-builder-el-21  el_after_av_one_half  avia-builder-el-last  flex_column_div '   ><p>\n<style type=\"text\/css\" data-created_by=\"avia_inline_auto\" id=\"style-css-av-lv3o43sz-7c451f9d34360069bf4396eda5cc3566\">\n#top .hr.hr-invisible.av-lv3o43sz-7c451f9d34360069bf4396eda5cc3566{\nheight:50px;\n}\n<\/style>\n<div  class='hr av-lv3o43sz-7c451f9d34360069bf4396eda5cc3566 hr-invisible  avia-builder-el-22  el_before_av_textblock  avia-builder-el-first  av-small-hide av-mini-hide'><span class='hr-inner '><span class=\"hr-inner-style\"><\/span><\/span><\/div><br \/>\n\n<style type=\"text\/css\" data-created_by=\"avia_inline_auto\" id=\"style-css-av-lsn1mm5t-cd91b0544460fc3ef8e9787457d95e17\">\n#top .av_textblock_section.av-lsn1mm5t-cd91b0544460fc3ef8e9787457d95e17 .avia_textblock{\nfont-size:16px;\n}\n<\/style>\n<section  class='av_textblock_section av-lsn1mm5t-cd91b0544460fc3ef8e9787457d95e17'  itemscope=\"itemscope\" itemtype=\"https:\/\/schema.org\/CreativeWork\" ><div class='avia_textblock'  itemprop=\"text\" ><h2>\u00bfQu\u00e9 encontrar\u00e1s en este whitepaper?<\/h2>\n<ul>\n<li>Descubrir\u00e1s qu\u00e9 tipos de compras in-app se pueden integrar en una aplicaci\u00f3n y<strong><span style=\"color: #333333;\"> ver cu\u00e1l te interesa m\u00e1s introducir en tu aplicaci\u00f3n<\/span><\/strong>.<\/li>\n<li>Ent\u00e9rate de los <strong><span style=\"color: #333333;\">precios de implementar una estrategia de suscripciones o c\u00f3digos promocionales<\/span><\/strong> en tu aplicaci\u00f3n para crear un modelo de negocio acorde a lo que necesitas para rentabilizar tu app.<\/li>\n<li>\u00bfTodas las aplicaciones pueden integrar compras in-app? <strong><span style=\"color: #333333;\">Descubre si tu app se ajusta<\/span><\/strong> para introducir este tipo de compras.<\/li>\n<\/ul>\n<\/div><\/section><br \/>\n<div  class='avia-button-wrap avia-button-left  avia-builder-el-24  el_after_av_textblock  avia-builder-el-last ' ><a href='#formulario-whitepaper'  class='avia-button av-12tcslk-1c45631e8c77d749d5800daf3cc26c14 avia-icon_select-no avia-size-x-large avia-position-left avia-color-theme-color' ><span class='avia_iconbox_title' >CONSEGUIR MI WHITEPAPER<\/span><\/a><\/div><\/p><\/div><\/div><\/div><\/div><!-- close content main div --><\/div><\/div>\n<style type=\"text\/css\" data-created_by=\"avia_inline_auto\" id=\"style-css-av-lsn1q486-0fa2a6f0ea797ca3f7da55a5a572d504\">\n.avia-section.av-lsn1q486-0fa2a6f0ea797ca3f7da55a5a572d504{\nbackground-color:#f2f2f2;\n}\n<\/style>\n<div id='av_section_5'  class='avia-section av-lsn1q486-0fa2a6f0ea797ca3f7da55a5a572d504 main_color avia-section-default avia-no-border-styling  avia-builder-el-25  el_after_av_section  avia-builder-el-last  avia-bg-style-scroll container_wrap fullsize'  ><div class='container av-section-cont-open' ><div class='template-page content  av-content-full alpha units'><div class='post-entry post-entry-type-page post-entry-20488'><div class='entry-content-wrapper clearfix'>\n<div class='flex_column av-jiunfs-0fe767da9187d2e4f6f4c5c5ecacdf31 av_one_fifth  avia-builder-el-26  el_before_av_three_fifth  avia-builder-el-first  first flex_column_div '   ><\/div><div class='flex_column av-4npejoo-8b5fe46281bdc737f1894c745ed19178 av_three_fifth  avia-builder-el-27  el_after_av_one_fifth  el_before_av_one_fifth  flex_column_div '   ><style type=\"text\/css\" data-created_by=\"avia_inline_auto\" id=\"style-css-av-lsn25znp-d7054e91d8dc93552872209881f2363d\">\n#top .av_textblock_section.av-lsn25znp-d7054e91d8dc93552872209881f2363d .avia_textblock{\nfont-size:23px;\n}\n<\/style>\n<section  class='av_textblock_section av-lsn25znp-d7054e91d8dc93552872209881f2363d'  itemscope=\"itemscope\" itemtype=\"https:\/\/schema.org\/CreativeWork\" ><div class='avia_textblock'  itemprop=\"text\" ><p style=\"text-align: center;\">No esperes m\u00e1s y <strong><span style=\"color: #333333;\">descarga ahora este whitepaper<\/span><\/strong> que te ayudar\u00e1 a monetizar tu app<\/p>\n<\/div><\/section><br \/>\n<div  class='avia-button-wrap avia-button-center  avia-builder-el-29  el_after_av_textblock  avia-builder-el-last ' ><a href='#formulario-whitepaper'  class='avia-button av-x2n3d4-bb42bc33d76e5430265fe2d96cb7c109 avia-icon_select-no avia-size-x-large avia-position-center avia-color-theme-color' ><span class='avia_iconbox_title' >DESCARGAR AHORA<\/span><\/a><\/div><\/p><\/div><div class='flex_column av-4axu1u0-d3a427119385c244b4a097ee0bc86d97 av_one_fifth  avia-builder-el-30  el_after_av_three_fifth  avia-builder-el-last  flex_column_div '   ><\/div>\n<\/p>\n","protected":false},"excerpt":{"rendered":"","protected":false},"author":9,"featured_media":22618,"parent":0,"menu_order":0,"comment_status":"closed","ping_status":"closed","template":"template-blank.php","meta":{"footnotes":""},"class_list":["post-20488","page","type-page","status-publish","has-post-thumbnail","hentry"],"_links":{"self":[{"href":"https:\/\/abamobile.com\/web\/wp-json\/wp\/v2\/pages\/20488","targetHints":{"allow":["GET"]}}],"collection":[{"href":"https:\/\/abamobile.com\/web\/wp-json\/wp\/v2\/pages"}],"about":[{"href":"https:\/\/abamobile.com\/web\/wp-json\/wp\/v2\/types\/page"}],"author":[{"embeddable":true,"href":"https:\/\/abamobile.com\/web\/wp-json\/wp\/v2\/users\/9"}],"replies":[{"embeddable":true,"href":"https:\/\/abamobile.com\/web\/wp-json\/wp\/v2\/comments?post=20488"}],"version-history":[{"count":0,"href":"https:\/\/abamobile.com\/web\/wp-json\/wp\/v2\/pages\/20488\/revisions"}],"wp:featuredmedia":[{"embeddable":true,"href":"https:\/\/abamobile.com\/web\/wp-json\/wp\/v2\/media\/22618"}],"wp:attachment":[{"href":"https:\/\/abamobile.com\/web\/wp-json\/wp\/v2\/media?parent=20488"}],"curies":[{"name":"wp","href":"https:\/\/api.w.org\/{rel}","templated":true}]}}