{"id":1655,"date":"2014-08-20T10:19:15","date_gmt":"2014-08-20T10:19:15","guid":{"rendered":"https:\/\/abamobile.com\/web\/?page_id=1655"},"modified":"2024-03-14T10:22:15","modified_gmt":"2024-03-14T09:22:15","slug":"politica-de-cookies","status":"publish","type":"page","link":"https:\/\/abamobile.com\/web\/politica-de-cookies\/","title":{"rendered":"Pol\u00edtica de cookies"},"content":{"rendered":"<h1>Pol\u00edtica de cookies de ABAMobile<\/h1>\n<p>El equipo de ABAMOBILE SOLUTIONS S.L. le quiere informar de que utilizamos cookies con objeto de facilitar el uso y la navegaci\u00f3n a trav\u00e9s de la p\u00e1gina web <a href=\"https:\/\/abamobile.com\/web\/\">www.abamobile.com<\/a><\/p>\n<h2>\u00bfQu\u00e9 son las cookies?<\/h2>\n<p>Una cookie es un archivo que se descarga en el ordenador o dispositivo del usuario al acceder a una p\u00e1gina web con el objeto de permitir almacenar y recuperar informaci\u00f3n sobre los h\u00e1bitos de navegaci\u00f3n del usuario o de su equipo.<\/p>\n<p>Las cookies, no s\u00f3lo van en beneficio de las empresas, sino que tambi\u00e9n permiten establecer niveles de protecci\u00f3n y seguridad, recopilar datos estad\u00edsticos y normalmente an\u00f3nimos; as\u00ed como realizar publicidad adaptadas a los intereses de los usuarios.<\/p>\n<h2>Tipos de cookies<\/h2>\n<p>Las cookies pueden clasificarse en atenci\u00f3n a distintos funcionamientos y par\u00e1metros, algunas de las clasificaciones m\u00e1s usuales son estas:<\/p>\n<p>En base al <strong><span style=\"color: #333333;\">PLAZO DE TIEMPO<\/span><\/strong> que permanecen activadas en el equipo:<\/p>\n<ul>\n<li><strong><span style=\"color: #333333;\">Cookies de sesi\u00f3n<\/span><\/strong>: son un tipo de cookies dise\u00f1adas para recabar y almacenar datos mientras el usuario accede a una p\u00e1gina web. Es decir, estas cookies se almacenan en el equipo del usuario hasta que finalice la sesi\u00f3n de navegaci\u00f3n.<\/li>\n<li><strong><span style=\"color: #333333;\">Cookies persistentes<\/span><\/strong>: son aquellas en las que los datos siguen almacenados en elequipo y pueden ser accedidos y tratados durante un periodo definido por el responsable de la cookie, y que puede ir de unos minutos a varios a\u00f1os.<\/li>\n<\/ul>\n<p>En atenci\u00f3n a su <strong><span style=\"color: #333333;\">FINALIDAD<\/span><\/strong>:<\/p>\n<ul>\n<li><strong><span style=\"color: #333333;\">Anal\u00edticas<\/span><\/strong>: recogen informaci\u00f3n del uso que se realiza del sitio web<\/li>\n<li><strong><span style=\"color: #333333;\">Sociales<\/span><\/strong>: son aquellas necesarias para redes sociales externas<\/li>\n<li><strong><span style=\"color: #333333;\">Afiliados<\/span><\/strong>: permiten hacer un seguimiento de las visitas procedentes de otras webs con las que el sitio web establece un contrato de afiliaci\u00f3n<\/li>\n<li><strong><span style=\"color: #333333;\">Publicidad y comportamentales<\/span><\/strong>: recogen informaci\u00f3n sobre las preferencias y elecciones personales del usuario<\/li>\n<li><strong><span style=\"color: #333333;\">T\u00e9cnicas y funcionales<\/span><\/strong>: son las estrictamente necesarias para el uso del sitio web y para la prestaci\u00f3n del servicio contratado<\/li>\n<\/ul>\n<p>Por su <strong><span style=\"color: #333333;\">GESTI\u00d3N<\/span><\/strong>:<\/p>\n<ul>\n<li><strong><span style=\"color: #333333;\">Cookies propias<\/span><\/strong>: Son aqu\u00e9llas que se env\u00edan al equipo terminal del usuario desde un equipo o dominio gestionado por el propio editor y desde el que se presta el servicio solicitado por el usuario.<\/li>\n<li><strong><span style=\"color: #333333;\">Cookies de terceros<\/span><\/strong>: Son aqu\u00e9llas que se env\u00edan al equipo terminal del usuario desde un equipo o dominio que no es gestionado por el editor, sino por otra entidad que trata los datos obtenidos trav\u00e9s de las cookies. La informaci\u00f3n obtenida a trav\u00e9s de estas cookies de terceros, referentes a las visitas de los usuarios dentro de la propia web, as\u00ed como la ubicaci\u00f3n desde la que accede el usuario o el tiempo de duraci\u00f3n de dicho acceso es utilizada \u00fanicamente con fines de an\u00e1lisis a nivel estad\u00edstico y comercial. Esta informaci\u00f3n se recopila de forma an\u00f3nima, no permitiendo la identificaci\u00f3n del usuario y respetando las exigencias legales previstas.<\/li>\n<\/ul>\n<h2>\u00bfQu\u00e9 cookies utilizamos?<\/h2>\n<p>En <strong><span style=\"color: #333333;\">ABAMOBILE<\/span><\/strong> (<a href=\"https:\/\/www.abamobile.com\">www.abamobile.com<\/a>) utilizamos \u00fanicamente cookies de an\u00e1lisis, t\u00e9cnicas y de personalizaci\u00f3n, que nos permiten la anal\u00edtica sistem\u00e1tica de nuestra web y flujos de entrada de manera an\u00f3nima, as\u00ed como la mejora de la experiencia del usuario en nuestra web. Usamos cookies propias y cookies de terceros.<\/p>\n<p>Las cookies con las que cuenta <strong><span style=\"color: #333333;\">esta web<\/span><\/strong> son las siguientes:<\/p>\n<table>\n<tbody>\n<tr>\n<td><span style=\"font-weight: 400;\">COOKIE\u00a0<\/span><\/td>\n<td><span style=\"font-weight: 400;\">RECEPTOR\u00a0<\/span><\/td>\n<td><span style=\"font-weight: 400;\">TIPO\u00a0<\/span><\/td>\n<td><span style=\"font-weight: 400;\">FINALIDAD\u00a0<\/span><\/td>\n<td><span style=\"font-weight: 400;\">M\u00c1S INFORMACI\u00d3N\u00a0<\/span><\/td>\n<td><span style=\"font-weight: 400;\">DURACI\u00d3N<\/span><\/td>\n<\/tr>\n<tr>\n<td><span style=\"font-weight: 400;\">_ga_CDK3SPBLXK\u00a0<\/span><\/td>\n<td><span style=\"font-weight: 400;\">abamobile.com\u00a0<\/span><\/td>\n<td><span style=\"font-weight: 400;\">T\u00e9cnica y\u00a0 funcional\u00a0<\/span><\/td>\n<td><span style=\"font-weight: 400;\">Cookie necesaria para la\u00a0 utilizaci\u00f3n de las\u00a0 opciones y servicios del\u00a0 sitio web<\/span><\/td>\n<td><\/td>\n<td><span style=\"font-weight: 400;\">En 1 a\u00f1o\u00a0<\/span><\/td>\n<\/tr>\n<tr>\n<td><span style=\"font-weight: 400;\">_lfa\u00a0<\/span><\/td>\n<td><span style=\"font-weight: 400;\">abamobile.com\u00a0<\/span><\/td>\n<td><span style=\"font-weight: 400;\">T\u00e9cnica y\u00a0 funcional<\/span><\/td>\n<td><span style=\"font-weight: 400;\">Cookie necesaria para la\u00a0 utilizaci\u00f3n de las\u00a0 opciones y servicios del\u00a0 sitio web<\/span><\/td>\n<td><\/td>\n<td><span style=\"font-weight: 400;\">En 1 a\u00f1o\u00a0<\/span><\/td>\n<\/tr>\n<tr>\n<td><span style=\"font-weight: 400;\">cookielawinfocheckbox necessary<\/span><\/td>\n<td><span style=\"font-weight: 400;\">abamobile.com\u00a0<\/span><\/td>\n<td><span style=\"font-weight: 400;\">T\u00e9cnica y\u00a0 funcional<\/span><\/td>\n<td><span style=\"font-weight: 400;\">Cookie necesaria para la\u00a0 utilizaci\u00f3n de las\u00a0 opciones y servicios del\u00a0 sitio web<\/span><\/td>\n<td><\/td>\n<td><span style=\"font-weight: 400;\">En 1 a\u00f1o\u00a0<\/span><\/td>\n<\/tr>\n<tr>\n<td><span style=\"font-weight: 400;\">cookielawinfocheckbox nonnecessary<\/span><\/td>\n<td><span style=\"font-weight: 400;\">abamobile.com\u00a0<\/span><\/td>\n<td><span style=\"font-weight: 400;\">T\u00e9cnica y\u00a0 funcional<\/span><\/td>\n<td><span style=\"font-weight: 400;\">Cookie necesaria para la\u00a0 utilizaci\u00f3n de las\u00a0 opciones y servicios del\u00a0 sitio web<\/span><\/td>\n<td><\/td>\n<td><span style=\"font-weight: 400;\">En 1 a\u00f1o\u00a0<\/span><\/td>\n<\/tr>\n<tr>\n<td><span style=\"font-weight: 400;\">CookieLawInfoConsent\u00a0<\/span><\/td>\n<td><span style=\"font-weight: 400;\">abamobile.com\u00a0<\/span><\/td>\n<td><span style=\"font-weight: 400;\">T\u00e9cnica y\u00a0 funcional<\/span><\/td>\n<td><span style=\"font-weight: 400;\">Cookie necesaria para la\u00a0 utilizaci\u00f3n de las\u00a0 opciones y servicios del\u00a0 sitio web<\/span><\/td>\n<td><\/td>\n<td><span style=\"font-weight: 400;\">En 1 a\u00f1o\u00a0<\/span><\/td>\n<\/tr>\n<tr>\n<td><span style=\"font-weight: 400;\">PHPSESSID\u00a0<\/span><\/td>\n<td><span style=\"font-weight: 400;\">PHP.net\u00a0<\/span><\/td>\n<td><span style=\"font-weight: 400;\">T\u00e9cnica y\u00a0 funcional<\/span><\/td>\n<td><span style=\"font-weight: 400;\">Permite la lectura del\u00a0 lenguaje PHP para\u00a0 permitir que las variables\u00a0 de sesi\u00f3n sean\u00a0 guardadas<\/span><\/td>\n<td><span style=\"font-weight: 400;\"><a href=\"https:\/\/www.php.net\/privacy.php\" target=\"_blank\" rel=\"noopener\">Pol\u00edtica<\/a>\u00a0<\/span><\/td>\n<td><span style=\"font-weight: 400;\">Sesi\u00f3n<\/span><\/td>\n<\/tr>\n<tr>\n<td><span style=\"font-weight: 400;\">pll_language\u00a0<\/span><\/td>\n<td><span style=\"font-weight: 400;\">abamobile.com\u00a0<\/span><\/td>\n<td><span style=\"font-weight: 400;\">T\u00e9cnica y\u00a0 funcional<\/span><\/td>\n<td><span style=\"font-weight: 400;\">Cookie necesaria para la\u00a0 utilizaci\u00f3n de las\u00a0 opciones y servicios del\u00a0 sitio web.<\/span><\/td>\n<td><\/td>\n<td><span style=\"font-weight: 400;\">En 1 a\u00f1o\u00a0<\/span><\/td>\n<\/tr>\n<tr>\n<td><span style=\"font-weight: 400;\">sk\u00a0<\/span><\/td>\n<td><span style=\"font-weight: 400;\">abamobile.com\u00a0<\/span><\/td>\n<td><span style=\"font-weight: 400;\">T\u00e9cnica y\u00a0 funcional<\/span><\/td>\n<td><span style=\"font-weight: 400;\">Cookie necesaria para la\u00a0 utilizaci\u00f3n de las\u00a0 opciones y servicios del\u00a0 sitio web.<\/span><\/td>\n<td><\/td>\n<td><span style=\"font-weight: 400;\">Sesi\u00f3n\u00a0<\/span><\/td>\n<\/tr>\n<tr>\n<td><span style=\"font-weight: 400;\">spvc\u00a0<\/span><\/td>\n<td><span style=\"font-weight: 400;\">abamobile.com\u00a0<\/span><\/td>\n<td><span style=\"font-weight: 400;\">T\u00e9cnica y\u00a0 funcional<\/span><\/td>\n<td><span style=\"font-weight: 400;\">Cookie necesaria para la\u00a0 utilizaci\u00f3n de las\u00a0 opciones y servicios del\u00a0 sitio web.<\/span><\/td>\n<td><\/td>\n<td><span style=\"font-weight: 400;\">Sesi\u00f3n<\/span><\/td>\n<\/tr>\n<tr>\n<td><span style=\"font-weight: 400;\">viewed_cookie_policy\u00a0<\/span><\/td>\n<td><span style=\"font-weight: 400;\">abamobile.com\u00a0<\/span><\/td>\n<td><span style=\"font-weight: 400;\">T\u00e9cnica y\u00a0 funcional<\/span><\/td>\n<td><span style=\"font-weight: 400;\">Se utiliza para recordar\u00a0 sus preferencias en\u00a0 cuanto a la Pol\u00edtica de\u00a0 Cookies establecida<\/span><\/td>\n<td><\/td>\n<td><span style=\"font-weight: 400;\">En 1 a\u00f1o\u00a0<\/span><\/td>\n<\/tr>\n<tr>\n<td><span style=\"font-weight: 400;\">vk\u00a0<\/span><\/td>\n<td><span style=\"font-weight: 400;\">abamobile.com\u00a0<\/span><\/td>\n<td><span style=\"font-weight: 400;\">T\u00e9cnica y\u00a0 funcional<\/span><\/td>\n<td><span style=\"font-weight: 400;\">Cookie necesaria para la\u00a0 utilizaci\u00f3n de las\u00a0\u00a0<\/span><\/p>\n<p><span style=\"font-weight: 400;\">opciones y servicios del\u00a0 sitio web<\/span><\/td>\n<td><\/td>\n<td><span style=\"font-weight: 400;\">En 1 a\u00f1o\u00a0<\/span><\/td>\n<\/tr>\n<tr>\n<td><span style=\"font-weight: 400;\">_ga\u00a0<\/span><\/td>\n<td><span style=\"font-weight: 400;\">Google Analytics\u00a0<\/span><\/td>\n<td><span style=\"font-weight: 400;\">Anal\u00edtica\u00a0<\/span><\/td>\n<td><span style=\"font-weight: 400;\">ID para identificar a los\u00a0 usuarios<\/span><\/td>\n<td><a href=\"https:\/\/policies.google.com\/privacy?hl=es\" target=\"_blank\" rel=\"noopener\"><span style=\"font-weight: 400;\">Pol\u00edtica<\/span><\/a><span style=\"font-weight: 400;\">\u00a0<\/span><\/td>\n<td><span style=\"font-weight: 400;\">En 1 a\u00f1o\u00a0<\/span><\/td>\n<\/tr>\n<\/tbody>\n<\/table>\n<h3>Cookies de An\u00e1lisis:<\/h3>\n<p><span style=\"font-weight: 400;\">La mayor\u00eda de las cookies de an\u00e1lisis son propiedad de Google Analytics , nos permiten analizar y adaptar la web a los comportamientos derivados del tr\u00e1fico, con datos estad\u00edsticos absolutamente abstracto para ABAMOBILE.<\/span><\/p>\n<h2>Desactivaci\u00f3n de cookies<\/h2>\n<p><span style=\"font-weight: 400;\">Las cookies pueden ser deshabilitadas, borradas y desactivadas, seg\u00fan el navegador utilizados, a continuaci\u00f3n, pueden consultar las instrucciones para los principales navegadores.<\/span><\/p>\n<ul>\n<li><span style=\"font-weight: 400;\"> Chrome. <a href=\"https:\/\/support.google.com\/chrome\/answer\/95647?hl=es\" target=\"_blank\" rel=\"noopener\">Support Google<\/a><\/span><\/li>\n<li><span style=\"font-weight: 400;\"> Firefox. <a href=\"https:\/\/support.mozilla.org\/es\/kb\/habilitar-y-deshabilitar-cookies-sitios-web-rastrear-preferencias?redirectlocale=es&amp;redirectslug=habilitar-y-deshabilitar-cookies-que-los-sitios-we\" target=\"_blank\" rel=\"noopener\">Support Mozilla<\/a>\u00a0<\/span><\/li>\n<li><span style=\"font-weight: 400;\"> Explorer. <a href=\"https:\/\/support.microsoft.com\/es-es\/help\/17442\/windows-internet-explorer-delete-manage-cookies#ie=ie-11\" target=\"_blank\" rel=\"noopener\">Support Microsoft<\/a><\/span><\/li>\n<li><span style=\"font-weight: 400;\"> Safari para IPhone IPad o IPod. <a href=\"https:\/\/support.apple.com\/es-es\/HT201265\" target=\"_blank\" rel=\"noopener\">Support Apple<\/a>\u00a0<\/span><\/li>\n<li><span style=\"font-weight: 400;\"> Opera. <a href=\"https:\/\/help.opera.com\/es\/Windows\/11.50\/es-ES\/cookies.html\" target=\"_blank\" rel=\"noopener\">Support Opera<\/a> <\/span><\/li>\n<li><span style=\"font-weight: 400;\"> Safari para MAC. <a href=\"https:\/\/support.apple.com\/es-es\/guide\/safari\/sfri11471\/mac\" target=\"_blank\" rel=\"noopener\">Support Apple<\/a>\u00a0<\/span><\/li>\n<li><span style=\"font-weight: 400;\"> Windows 10: Microsoft Edge. <a href=\"https:\/\/support.microsoft.com\/es-es\/help\/17442\/windows-internet-explorer-delete-manage-cookies\" target=\"_blank\" rel=\"noopener\">Support Microsoft<\/a><\/span><\/li>\n<\/ul>\n<p><span style=\"font-weight: 400;\">Tambi\u00e9n, existe la posibilidad de desactivar las cookies de Google Analytics, instalando el complemento siguiente: <a href=\"https:\/\/tools.google.com\/dlpage\/gaoptout\/?hl=es\" target=\"_blank\" rel=\"noopener\">Tools Google<\/a><\/span><\/p>\n<p>Exenciones de responsabilidad<\/p>\n<p><span style=\"font-weight: 400;\">En ABAMOBILE no nos podemos y no nos hacemos responsable del contenido, ni de la veracidad, ni de la actualizaci\u00f3n de las pol\u00edticas de privacidad que puedan tener los terceros mencionados en esta pol\u00edtica de cookies.<\/span><\/p>\n<p><span style=\"font-weight: 400;\">Son los navegadores web los encargados de almacenar las cookies y, es desde estos sitios desde donde debe efectuar su derecho a eliminaci\u00f3n o desactivaci\u00f3n de las mismas, por tanto, no podemos garantizar el correcto comportamiento.<\/span><\/p>\n<h2>Derecho a modificar pol\u00edticas de cookies<\/h2>\n<p><span style=\"font-weight: 400;\">ABAMOBILE se guarda todos los derechos a modificar su pol\u00edtica de privacidad sin el previo aviso de la misma.<\/span><\/p>\n<p><span style=\"font-weight: 400;\">\u00daLTIMA ACTUALIZACI\u00d3N: 18\/01\/2024<\/span><\/p>\n","protected":false},"excerpt":{"rendered":"<p>Pol\u00edtica de cookies de ABAMobile El equipo de ABAMOBILE SOLUTIONS S.L. le quiere informar de que utilizamos cookies con objeto de facilitar el uso y la navegaci\u00f3n a trav\u00e9s de la p\u00e1gina web www.abamobile.com \u00bfQu\u00e9 son las cookies? Una cookie es un archivo que se descarga en el ordenador o dispositivo del usuario al acceder [&hellip;]<\/p>\n","protected":false},"author":1,"featured_media":0,"parent":0,"menu_order":0,"comment_status":"closed","ping_status":"open","template":"","meta":{"footnotes":""},"class_list":["post-1655","page","type-page","status-publish","hentry"],"_links":{"self":[{"href":"https:\/\/abamobile.com\/web\/wp-json\/wp\/v2\/pages\/1655","targetHints":{"allow":["GET"]}}],"collection":[{"href":"https:\/\/abamobile.com\/web\/wp-json\/wp\/v2\/pages"}],"about":[{"href":"https:\/\/abamobile.com\/web\/wp-json\/wp\/v2\/types\/page"}],"author":[{"embeddable":true,"href":"https:\/\/abamobile.com\/web\/wp-json\/wp\/v2\/users\/1"}],"replies":[{"embeddable":true,"href":"https:\/\/abamobile.com\/web\/wp-json\/wp\/v2\/comments?post=1655"}],"version-history":[{"count":0,"href":"https:\/\/abamobile.com\/web\/wp-json\/wp\/v2\/pages\/1655\/revisions"}],"wp:attachment":[{"href":"https:\/\/abamobile.com\/web\/wp-json\/wp\/v2\/media?parent=1655"}],"curies":[{"name":"wp","href":"https:\/\/api.w.org\/{rel}","templated":true}]}}