{"id":12336,"date":"2021-11-08T13:15:28","date_gmt":"2021-11-08T12:15:28","guid":{"rendered":"https:\/\/abamobile.com\/web\/?page_id=12336"},"modified":"2024-04-01T15:17:21","modified_gmt":"2024-04-01T13:17:21","slug":"ebook-soluciones-moviles-para-logistica","status":"publish","type":"page","link":"https:\/\/abamobile.com\/web\/ebook-soluciones-moviles-para-logistica\/","title":{"rendered":"Ebook &#8211; Soluciones m\u00f3viles para log\u00edstica"},"content":{"rendered":"<div id='av_section_1'  class='avia-section av-28bqmpc-3723964a73b1ef9100de4f5c3ce10dc2 main_color avia-section-default avia-no-border-styling  avia-builder-el-0  el_before_av_section  avia-builder-el-first  av-small-hide av-mini-hide avia-bg-style-scroll container_wrap fullsize'  ><div class='container av-section-cont-open' ><main  role=\"main\" itemprop=\"mainContentOfPage\"  class='template-page content  av-content-full alpha units'><div class='post-entry post-entry-type-page post-entry-12336'><div class='entry-content-wrapper clearfix'>\n<div class='flex_column av-1ip11dc-c557cb64e0c3f67bc1e3cb5d37517fe8 av_one_fifth  avia-builder-el-1  avia-builder-el-no-sibling  first flex_column_div '   ><p>\n<style type=\"text\/css\" data-created_by=\"avia_inline_auto\" id=\"style-css-av-18izqnk-17d3300c1e4fad28cf1c791c5cf80720\">\n.avia-image-container.av-18izqnk-17d3300c1e4fad28cf1c791c5cf80720 .av-image-caption-overlay-center{\ncolor:#ffffff;\n}\n<\/style>\n<div  class='avia-image-container av-18izqnk-17d3300c1e4fad28cf1c791c5cf80720 av-styling- avia-align-center  avia-builder-el-2  el_before_av_hr  avia-builder-el-first '  itemprop=\"image\" itemscope=\"itemscope\" itemtype=\"https:\/\/schema.org\/ImageObject\" ><div class=\"avia-image-container-inner\"><div class=\"avia-image-overlay-wrap\"><a href=\"https:\/\/abamobile.com\/web\/\" class='avia_image' ><img decoding=\"async\" width=\"340\" height=\"156\" class='wp-image-9621 avia-img-lazy-loading-not-9621 avia_image' src=\"https:\/\/abamobile.com\/web\/wp-content\/uploads\/2020\/10\/logo-ABAMobile-web.png\" alt='logo ABAMobile web' title='logo ABAMobile web'  itemprop=\"thumbnailUrl\" srcset=\"https:\/\/abamobile.com\/web\/wp-content\/uploads\/2020\/10\/logo-ABAMobile-web.png 340w, https:\/\/abamobile.com\/web\/wp-content\/uploads\/2020\/10\/logo-ABAMobile-web-300x138.png 300w\" sizes=\"(max-width: 340px) 100vw, 340px\" \/><\/a><\/div><\/div><\/div><br \/>\n\n<style type=\"text\/css\" data-created_by=\"avia_inline_auto\" id=\"style-css-av-prhbow-79723b66c87d1806ec00bc62ead0ea8e\">\n#top .hr.hr-invisible.av-prhbow-79723b66c87d1806ec00bc62ead0ea8e{\nmargin-top:-50px;\nheight:1px;\n}\n<\/style>\n<div  class='hr av-prhbow-79723b66c87d1806ec00bc62ead0ea8e hr-invisible  avia-builder-el-3  el_after_av_image  avia-builder-el-last '><span class='hr-inner '><span class=\"hr-inner-style\"><\/span><\/span><\/div><\/p><\/div>\n\n<\/div><\/div><\/main><!-- close content main element --><\/div><\/div><div id='av_section_2'  class='avia-section av-lugz592k-9159917702c4bb36c0ed1bc17612f747 main_color avia-section-default avia-no-border-styling  avia-builder-el-4  el_after_av_section  el_before_av_section  av-desktop-hide av-medium-hide avia-bg-style-scroll container_wrap fullsize'  ><div class='container av-section-cont-open' ><div class='template-page content  av-content-full alpha units'><div class='post-entry post-entry-type-page post-entry-12336'><div class='entry-content-wrapper clearfix'>\n<div class='flex_column av-av_one_fifth-a93934ecd89fbb8a9566d39e89cd3725 av_one_fifth  avia-builder-el-5  avia-builder-el-no-sibling  first flex_column_div '   ><p>\n<style type=\"text\/css\" data-created_by=\"avia_inline_auto\" id=\"style-css-av-lugz5i1w-061d5b5dfeb3c386835da1b8c91af9f4\">\n.avia-image-container.av-lugz5i1w-061d5b5dfeb3c386835da1b8c91af9f4 .av-image-caption-overlay-center{\ncolor:#ffffff;\n}\n<\/style>\n<div  class='avia-image-container av-lugz5i1w-061d5b5dfeb3c386835da1b8c91af9f4 av-styling- avia-align-center  avia-builder-el-6  el_before_av_hr  avia-builder-el-first '  itemprop=\"image\" itemscope=\"itemscope\" itemtype=\"https:\/\/schema.org\/ImageObject\" ><div class=\"avia-image-container-inner\"><div class=\"avia-image-overlay-wrap\"><a href=\"https:\/\/abamobile.com\/web\/\" class='avia_image' ><img decoding=\"async\" width=\"180\" height=\"70\" class='wp-image-20912 avia-img-lazy-loading-not-20912 avia_image' src=\"https:\/\/abamobile.com\/web\/wp-content\/uploads\/2024\/02\/logo-abamobile-movil.png\" alt='logo abamobile movil' title='logo abamobile movil'  itemprop=\"thumbnailUrl\"  \/><\/a><\/div><\/div><\/div><br \/>\n\n<style type=\"text\/css\" data-created_by=\"avia_inline_auto\" id=\"style-css-av-av_hr-65f103d8bfd2c283ffa873f2f33fae83\">\n#top .hr.hr-invisible.av-av_hr-65f103d8bfd2c283ffa873f2f33fae83{\nmargin-top:-50px;\nheight:1px;\n}\n<\/style>\n<div  class='hr av-av_hr-65f103d8bfd2c283ffa873f2f33fae83 hr-invisible  avia-builder-el-7  el_after_av_image  avia-builder-el-last '><span class='hr-inner '><span class=\"hr-inner-style\"><\/span><\/span><\/div><\/p><\/div><\/div><\/div><\/div><!-- close content main div --><\/div><\/div>\n<style type=\"text\/css\" data-created_by=\"avia_inline_auto\" id=\"style-css-av-2toyoa8-d45bae486e720bcfdcc0c99818695cd2\">\n.avia-section.av-2toyoa8-d45bae486e720bcfdcc0c99818695cd2 .av-parallax .av-parallax-inner{\nbackground-repeat:no-repeat;\nbackground-image:url(https:\/\/abamobile.com\/web\/wp-content\/uploads\/2024\/02\/whitepaper-dispositivos-moviles-para-logistica.jpg);\nbackground-position:50% 50%;\nbackground-attachment:scroll;\n}\n.avia-section.av-2toyoa8-d45bae486e720bcfdcc0c99818695cd2 .av-section-color-overlay{\nopacity:0.6;\nbackground-color:#000000;\n}\n<\/style>\n<div id='av_section_3'  class='avia-section av-2toyoa8-d45bae486e720bcfdcc0c99818695cd2 main_color avia-section-default avia-no-border-styling  avia-builder-el-8  el_after_av_section  el_before_av_section  av-parallax-section avia-bg-style-parallax av-section-color-overlay-active container_wrap fullsize'  data-section-bg-repeat='no-repeat'><div class='av-parallax' data-avia-parallax-ratio='0.3' ><div class='av-parallax-inner main_color avia-full-stretch'><\/div><\/div><div class='av-section-color-overlay-wrap'><div class=\"av-section-color-overlay\"><\/div><div class='container av-section-cont-open' ><div class='template-page content  av-content-full alpha units'><div class='post-entry post-entry-type-page post-entry-12336'><div class='entry-content-wrapper clearfix'>\n\n<style type=\"text\/css\" data-created_by=\"avia_inline_auto\" id=\"style-css-av-2e6dsj4-453d769f1759b379c6cebc6de3c0967f\">\n#top .hr.hr-invisible.av-2e6dsj4-453d769f1759b379c6cebc6de3c0967f{\nheight:55px;\n}\n<\/style>\n<div  class='hr av-2e6dsj4-453d769f1759b379c6cebc6de3c0967f hr-invisible  avia-builder-el-9  el_before_av_textblock  avia-builder-el-first '><span class='hr-inner '><span class=\"hr-inner-style\"><\/span><\/span><\/div>\n\n<style type=\"text\/css\" data-created_by=\"avia_inline_auto\" id=\"style-css-av-29vadg0-a27aaaeaf85831da0ce42b8c6055d230\">\n#top .av_textblock_section.av-29vadg0-a27aaaeaf85831da0ce42b8c6055d230 .avia_textblock{\nfont-size:15px;\n}\n<\/style>\n<section  class='av_textblock_section av-29vadg0-a27aaaeaf85831da0ce42b8c6055d230'  itemscope=\"itemscope\" itemtype=\"https:\/\/schema.org\/CreativeWork\" ><div class='avia_textblock'  itemprop=\"text\" ><h1 style=\"text-align: center;\"><span style=\"color: #ffffff;\">Descubre c\u00f3mo aumentar la productividad de los procesos log\u00edsticos<\/span><\/h1>\n<\/div><\/section>\n\n<style type=\"text\/css\" data-created_by=\"avia_inline_auto\" id=\"style-css-av-1i7tlzk-fc11a1f27d494d7b591046cdb6b29fcd\">\n#top .av_textblock_section.av-1i7tlzk-fc11a1f27d494d7b591046cdb6b29fcd .avia_textblock{\nfont-size:16px;\n}\n<\/style>\n<section  class='av_textblock_section av-1i7tlzk-fc11a1f27d494d7b591046cdb6b29fcd'  itemscope=\"itemscope\" itemtype=\"https:\/\/schema.org\/CreativeWork\" ><div class='avia_textblock'  itemprop=\"text\" ><div class=\"page\" title=\"Page 6\">\n<div class=\"section\">\n<div class=\"layoutArea\"><\/div>\n<div class=\"layoutArea\">\n<div class=\"column\">\n<p style=\"text-align: center;\"><span style=\"color: #ffffff;\">Whitepaper gratuito<\/span><\/p>\n<\/div>\n<\/div>\n<\/div>\n<\/div>\n<\/div><\/section>\n\n<style type=\"text\/css\" data-created_by=\"avia_inline_auto\" id=\"style-css-av-1bo43lc-73ac1a3cebc0c53a8178b87ffdc036c8\">\n#top .hr.hr-invisible.av-1bo43lc-73ac1a3cebc0c53a8178b87ffdc036c8{\nheight:55px;\n}\n<\/style>\n<div  class='hr av-1bo43lc-73ac1a3cebc0c53a8178b87ffdc036c8 hr-invisible  avia-builder-el-12  el_after_av_textblock  avia-builder-el-last '><span class='hr-inner '><span class=\"hr-inner-style\"><\/span><\/span><\/div>\n<\/p>\n<\/div><\/div><\/div><!-- close content main div --><\/div><\/div><\/div><div id='descargar-whitepaper'  class='avia-section av-lsn5zfra-e76a9a6cb9336bc578b4f4809c7aee1b main_color avia-section-default avia-no-border-styling  avia-builder-el-13  el_after_av_section  el_before_av_section  avia-bg-style-fixed container_wrap fullsize'  ><div class='container av-section-cont-open' ><div class='template-page content  av-content-full alpha units'><div class='post-entry post-entry-type-page post-entry-12336'><div class='entry-content-wrapper clearfix'>\n\n<style type=\"text\/css\" data-created_by=\"avia_inline_auto\" id=\"style-css-av-5oe6dsg-29d85909385d47408ce567f051833477\">\n.flex_column.av-5oe6dsg-29d85909385d47408ce567f051833477{\nborder-radius:0px 0px 0px 0px;\n-webkit-border-radius:0px 0px 0px 0px;\n-moz-border-radius:0px 0px 0px 0px;\n}\n<\/style>\n<div class='flex_column av-5oe6dsg-29d85909385d47408ce567f051833477 av_one_half  avia-builder-el-14  el_before_av_one_half  avia-builder-el-first  first flex_column_div av-zero-column-padding '   ><p>\n<style type=\"text\/css\" data-created_by=\"avia_inline_auto\" id=\"style-css-av-lsn5qvib-869cd354c75f8473a880b8fbe9149aa8\">\n#top .av_textblock_section.av-lsn5qvib-869cd354c75f8473a880b8fbe9149aa8 .avia_textblock{\nfont-size:13px;\n}\n<\/style>\n<section  class='av_textblock_section av-lsn5qvib-869cd354c75f8473a880b8fbe9149aa8'  itemscope=\"itemscope\" itemtype=\"https:\/\/schema.org\/CreativeWork\" ><div class='avia_textblock'  itemprop=\"text\" ><p><span style=\"color: #008080;\">SOLUCIONES M\u00d3VILES PARA LOG\u00cdSTICA<\/span><\/p>\n<\/div><\/section><br \/>\n\n<style type=\"text\/css\" data-created_by=\"avia_inline_auto\" id=\"style-css-av-lsn5rvud-6079ab3ba729ed76e3495dcb356919be\">\n#top .av_textblock_section.av-lsn5rvud-6079ab3ba729ed76e3495dcb356919be .avia_textblock{\nfont-size:15px;\n}\n<\/style>\n<section  class='av_textblock_section av-lsn5rvud-6079ab3ba729ed76e3495dcb356919be'  itemscope=\"itemscope\" itemtype=\"https:\/\/schema.org\/CreativeWork\" ><div class='avia_textblock'  itemprop=\"text\" ><h2><span style=\"color: #333333;\">Los dispositivos m\u00f3viles, claves para mejorar la productividad del sector log\u00edstico<\/span><\/h2>\n<\/div><\/section><br \/>\n\n<style type=\"text\/css\" data-created_by=\"avia_inline_auto\" id=\"style-css-av-5452yds-680ba345060dabb3cca476d45b58e432\">\n#top .hr.hr-invisible.av-5452yds-680ba345060dabb3cca476d45b58e432{\nheight:20px;\n}\n<\/style>\n<div  class='hr av-5452yds-680ba345060dabb3cca476d45b58e432 hr-invisible  avia-builder-el-17  el_after_av_textblock  el_before_av_textblock '><span class='hr-inner '><span class=\"hr-inner-style\"><\/span><\/span><\/div><br \/>\n\n<style type=\"text\/css\" data-created_by=\"avia_inline_auto\" id=\"style-css-av-lsn6d733-b8f049caf9cf9adc7f2dadcbd801ced8\">\n#top .av_textblock_section.av-lsn6d733-b8f049caf9cf9adc7f2dadcbd801ced8 .avia_textblock{\nfont-size:16px;\n}\n<\/style>\n<section  class='av_textblock_section av-lsn6d733-b8f049caf9cf9adc7f2dadcbd801ced8'  itemscope=\"itemscope\" itemtype=\"https:\/\/schema.org\/CreativeWork\" ><div class='avia_textblock'  itemprop=\"text\" ><div class=\"page\" title=\"Page 6\">\n<div class=\"section\">\n<div class=\"layoutArea\">\n<div class=\"column\"><span style=\"color: #333333;\">La logi\u0301stica se enfrenta a situaciones como el aumento de la demanda, la gestio\u0301n de recursos, las expectativas del cliente o la inmediatez.<\/span><\/div>\n<div><\/div>\n<\/div>\n<div class=\"layoutArea\">\n<div class=\"column\">\n<p><span style=\"color: #333333;\"><strong>\u00a1Conoce c\u00f3mo superar estos retos y dar un paso m\u00e1s en la digitalizaci\u00f3n!<\/strong><\/span><\/p>\n<p><span style=\"color: #333333;\">Las apps para log\u00edstica permiten gestionar flotas de vehi\u0301culos, controlar el stock y el almace\u0301n, hacer seguimiento y localizar pedidos o mejorar la comunicacio\u0301n.<\/span><\/p>\n<p><span style=\"color: #333333;\">\u00a1Desc\u00e1rgate ahora este <strong><span style=\"color: #000000;\">WHITEPAPER GRATUITO y comienza a ahorrar tiempo en tus procesos log\u00edsticos<\/span><\/strong>!<\/span><\/p>\n<\/div>\n<\/div>\n<\/div>\n<\/div>\n<\/div><\/section><br \/>\n\n<style type=\"text\/css\" data-created_by=\"avia_inline_auto\" id=\"style-css-av-50xcads-a7db749575e8b3f55ade57c6f2b9f6f4\">\n#top .hr.hr-invisible.av-50xcads-a7db749575e8b3f55ade57c6f2b9f6f4{\nmargin-top:-35px;\nheight:1px;\n}\n<\/style>\n<div  class='hr av-50xcads-a7db749575e8b3f55ade57c6f2b9f6f4 hr-invisible  avia-builder-el-19  el_after_av_textblock  avia-builder-el-last '><span class='hr-inner '><span class=\"hr-inner-style\"><\/span><\/span><\/div><\/p><\/div>\n<style type=\"text\/css\" data-created_by=\"avia_inline_auto\" id=\"style-css-av-4ecpqsw-9039ab3f8a4814785056de86fa940f7b\">\n.flex_column.av-4ecpqsw-9039ab3f8a4814785056de86fa940f7b{\nborder-radius:0px 0px 0px 0px;\n-webkit-border-radius:0px 0px 0px 0px;\n-moz-border-radius:0px 0px 0px 0px;\npadding:30px 30px 30px 30px;\n}\n<\/style>\n<div class='flex_column av-4ecpqsw-9039ab3f8a4814785056de86fa940f7b av_one_half  avia-builder-el-20  el_after_av_one_half  avia-builder-el-last  flex_column_div '   ><\/div>\n\n<\/div><\/div><\/div><!-- close content main div --><\/div><\/div>\n<style type=\"text\/css\" data-created_by=\"avia_inline_auto\" id=\"style-css-av-9mz4wls-4369957371029fec9a4328f9bf40431c\">\n.avia-section.av-9mz4wls-4369957371029fec9a4328f9bf40431c{\nbackground-color:#fcfcfc;\n}\n<\/style>\n<div id='av_section_5'  class='avia-section av-9mz4wls-4369957371029fec9a4328f9bf40431c main_color avia-section-default avia-no-border-styling  avia-builder-el-22  el_after_av_section  el_before_av_section  avia-bg-style-scroll container_wrap fullsize'  ><div class='container av-section-cont-open' ><div class='template-page content  av-content-full alpha units'><div class='post-entry post-entry-type-page post-entry-12336'><div class='entry-content-wrapper clearfix'>\n\n<style type=\"text\/css\" data-created_by=\"avia_inline_auto\" id=\"style-css-av-wh0vtc-5ea7b7b5b278d72bffaf1dbd546732bc\">\n#top .hr.hr-invisible.av-wh0vtc-5ea7b7b5b278d72bffaf1dbd546732bc{\nheight:25px;\n}\n<\/style>\n<div  class='hr av-wh0vtc-5ea7b7b5b278d72bffaf1dbd546732bc hr-invisible  avia-builder-el-23  el_before_av_one_half  avia-builder-el-first '><span class='hr-inner '><span class=\"hr-inner-style\"><\/span><\/span><\/div>\n\n<style type=\"text\/css\" data-created_by=\"avia_inline_auto\" id=\"style-css-av-8dmdr80-016cda294dc1b9c2e530f6f2f59018e3\">\n.flex_column.av-8dmdr80-016cda294dc1b9c2e530f6f2f59018e3{\nborder-radius:0px 0px 0px 0px;\n-webkit-border-radius:0px 0px 0px 0px;\n-moz-border-radius:0px 0px 0px 0px;\n}\n<\/style>\n<div class='flex_column av-8dmdr80-016cda294dc1b9c2e530f6f2f59018e3 av_one_half  avia-builder-el-24  el_after_av_hr  el_before_av_two_fifth  first flex_column_div av-zero-column-padding '   ><p>\n<style type=\"text\/css\" data-created_by=\"avia_inline_auto\" id=\"style-css-av-3ebe7n4-ef1efc89b379efe153b702df8cadc89c\">\n.avia-image-container.av-3ebe7n4-ef1efc89b379efe153b702df8cadc89c .av-image-caption-overlay-center{\ncolor:#ffffff;\n}\n<\/style>\n<div  class='avia-image-container av-3ebe7n4-ef1efc89b379efe153b702df8cadc89c av-styling- avia-align-center  avia-builder-el-25  el_before_av_button  avia-builder-el-first '  itemprop=\"image\" itemscope=\"itemscope\" itemtype=\"https:\/\/schema.org\/ImageObject\" ><div class=\"avia-image-container-inner\"><div class=\"avia-image-overlay-wrap\"><img decoding=\"async\" class='wp-image-13036 avia-img-lazy-loading-not-13036 avia_image' src=\"https:\/\/abamobile.com\/web\/wp-content\/uploads\/2021\/12\/whitepaper-soluciones-tecnologicas-logisticas-500x430.png\" alt='whitepaper soluciones tecnologicas logisticas' title='whitepaper soluciones tecnologicas logisticas'  height=\"430\" width=\"500\"  itemprop=\"thumbnailUrl\"  \/><\/div><\/div><\/div><br \/>\n<div  class='avia-button-wrap avia-button-center  avia-builder-el-26  el_after_av_image  avia-builder-el-last ' ><a href='#descargar-whitepaper'  class='avia-button av-33rs8c0-972ec23664eb01f54bfbc10ce5029691 avia-icon_select-no avia-size-x-large avia-position-center avia-color-theme-color' ><span class='avia_iconbox_title' >DESCARGAR AHORA<\/span><\/a><\/div><\/p><\/div>\n<style type=\"text\/css\" data-created_by=\"avia_inline_auto\" id=\"style-css-av-2d27174-dcab54a6d7a88a122141d3c9ba13e51a\">\n.flex_column.av-2d27174-dcab54a6d7a88a122141d3c9ba13e51a{\nborder-radius:0px 0px 0px 0px;\n-webkit-border-radius:0px 0px 0px 0px;\n-moz-border-radius:0px 0px 0px 0px;\n}\n<\/style>\n<div class='flex_column av-2d27174-dcab54a6d7a88a122141d3c9ba13e51a av_two_fifth  avia-builder-el-27  el_after_av_one_half  el_before_av_hr  flex_column_div av-zero-column-padding '   ><p>\n<style type=\"text\/css\" data-created_by=\"avia_inline_auto\" id=\"style-css-av-26y9ic0-49b9949e632211fac335b587811abe36\">\n#top .av_textblock_section.av-26y9ic0-49b9949e632211fac335b587811abe36 .avia_textblock{\nfont-size:22px;\n}\n<\/style>\n<section  class='av_textblock_section av-26y9ic0-49b9949e632211fac335b587811abe36'  itemscope=\"itemscope\" itemtype=\"https:\/\/schema.org\/CreativeWork\" ><div class='avia_textblock'  itemprop=\"text\" ><p><strong><span style=\"color: #333333;\">Aumenta la productividad<\/span><\/strong><\/p>\n<\/div><\/section><br \/>\n\n<style type=\"text\/css\" data-created_by=\"avia_inline_auto\" id=\"style-css-av-1l9ddao-bd28ea516e8188fd1178683ffdb49b0d\">\n#top .av_textblock_section.av-1l9ddao-bd28ea516e8188fd1178683ffdb49b0d .avia_textblock{\nfont-size:15px;\n}\n<\/style>\n<section  class='av_textblock_section av-1l9ddao-bd28ea516e8188fd1178683ffdb49b0d'  itemscope=\"itemscope\" itemtype=\"https:\/\/schema.org\/CreativeWork\" ><div class='avia_textblock'  itemprop=\"text\" ><p>Con los dispositivos m\u00f3viles se ahorra tiempo y dinero al digitalizar y automatizar tareas mejorando as\u00ed la productividad en la gesti\u00f3n de almacenes y stock.<\/p>\n<\/div><\/section><br \/>\n<div  class='hr av-1ci4chc-fb7807bb457d7529db8ea5855624ba19 hr-short  avia-builder-el-30  el_after_av_textblock  el_before_av_textblock  hr-left'><span class='hr-inner '><span class=\"hr-inner-style\"><\/span><\/span><\/div><br \/>\n\n<style type=\"text\/css\" data-created_by=\"avia_inline_auto\" id=\"style-css-av-63lolow-87dcf8705a9e9f2bcc503dc7fe946f5d\">\n#top .av_textblock_section.av-63lolow-87dcf8705a9e9f2bcc503dc7fe946f5d .avia_textblock{\nfont-size:22px;\n}\n<\/style>\n<section  class='av_textblock_section av-63lolow-87dcf8705a9e9f2bcc503dc7fe946f5d'  itemscope=\"itemscope\" itemtype=\"https:\/\/schema.org\/CreativeWork\" ><div class='avia_textblock'  itemprop=\"text\" ><p><strong><span style=\"color: #333333;\">Integraci\u00f3n con sistemas<\/span><\/strong><\/p>\n<\/div><\/section><br \/>\n\n<style type=\"text\/css\" data-created_by=\"avia_inline_auto\" id=\"style-css-av-5l06nxs-06ffb43022b868649f7a92be550d1462\">\n#top .av_textblock_section.av-5l06nxs-06ffb43022b868649f7a92be550d1462 .avia_textblock{\nfont-size:15px;\n}\n<\/style>\n<section  class='av_textblock_section av-5l06nxs-06ffb43022b868649f7a92be550d1462'  itemscope=\"itemscope\" itemtype=\"https:\/\/schema.org\/CreativeWork\" ><div class='avia_textblock'  itemprop=\"text\" ><p>Las aplicaciones m\u00f3viles que se desarrollan se pueden integrar con otros sistemas empresariales como un ERP, CRM o SAP con el fin de mejorar la comunicaci\u00f3n y conectividad.<\/p>\n<\/div><\/section><br \/>\n<div  class='hr av-mae5hs-5eb647de96b2b4a4ccb0ded112ffea46 hr-short  avia-builder-el-33  el_after_av_textblock  el_before_av_textblock  hr-left'><span class='hr-inner '><span class=\"hr-inner-style\"><\/span><\/span><\/div><br \/>\n\n<style type=\"text\/css\" data-created_by=\"avia_inline_auto\" id=\"style-css-av-49sv94g-5a24bf71869f57ecfe6a782cde297cd9\">\n#top .av_textblock_section.av-49sv94g-5a24bf71869f57ecfe6a782cde297cd9 .avia_textblock{\nfont-size:22px;\n}\n<\/style>\n<section  class='av_textblock_section av-49sv94g-5a24bf71869f57ecfe6a782cde297cd9'  itemscope=\"itemscope\" itemtype=\"https:\/\/schema.org\/CreativeWork\" ><div class='avia_textblock'  itemprop=\"text\" ><p><strong><span style=\"color: #333333;\">An\u00e1lisis y adaptaci\u00f3n<\/span><\/strong><\/p>\n<\/div><\/section><br \/>\n\n<style type=\"text\/css\" data-created_by=\"avia_inline_auto\" id=\"style-css-av-3u4c1bk-999f03f2f448f5b075ceca43d96e39e8\">\n#top .av_textblock_section.av-3u4c1bk-999f03f2f448f5b075ceca43d96e39e8 .avia_textblock{\nfont-size:15px;\n}\n<\/style>\n<section  class='av_textblock_section av-3u4c1bk-999f03f2f448f5b075ceca43d96e39e8'  itemscope=\"itemscope\" itemtype=\"https:\/\/schema.org\/CreativeWork\" ><div class='avia_textblock'  itemprop=\"text\" ><p>Gracias a los dispositivos m\u00f3viles y a las apps, aumenta la capacidad de an\u00e1lisis y adaptaci\u00f3n a los continuos cambios ayudando a tomar mejores decisiones.<\/p>\n<\/div><\/section><\/p><\/div>\n<style type=\"text\/css\" data-created_by=\"avia_inline_auto\" id=\"style-css-av-lsn643h7-655d21bf88985963d4eb395a1fbd8a09\">\n#top .hr.hr-invisible.av-lsn643h7-655d21bf88985963d4eb395a1fbd8a09{\nheight:30px;\n}\n<\/style>\n<div  class='hr av-lsn643h7-655d21bf88985963d4eb395a1fbd8a09 hr-invisible  avia-builder-el-36  el_after_av_two_fifth  avia-builder-el-last '><span class='hr-inner '><span class=\"hr-inner-style\"><\/span><\/span><\/div>\n\n<\/div><\/div><\/div><!-- close content main div --><\/div><\/div>\n<style type=\"text\/css\" data-created_by=\"avia_inline_auto\" id=\"style-css-av-yljrk-1a37d09819bdc06e056e24815f1e0803\">\n.avia-section.av-yljrk-1a37d09819bdc06e056e24815f1e0803{\nbackground-color:#28517d;\n}\n<\/style>\n<div id='av_section_6'  class='avia-section av-yljrk-1a37d09819bdc06e056e24815f1e0803 main_color avia-section-default avia-no-border-styling  avia-builder-el-37  el_after_av_section  el_before_av_section  avia-bg-style-scroll container_wrap fullsize'  ><div class='container av-section-cont-open' ><div class='template-page content  av-content-full alpha units'><div class='post-entry post-entry-type-page post-entry-12336'><div class='entry-content-wrapper clearfix'>\n\n<style type=\"text\/css\" data-created_by=\"avia_inline_auto\" id=\"style-css-av-255b48g-ce1c299ba2c5bdecc44407caa3de75e6\">\n#top .hr.hr-invisible.av-255b48g-ce1c299ba2c5bdecc44407caa3de75e6{\nheight:15px;\n}\n<\/style>\n<div  class='hr av-255b48g-ce1c299ba2c5bdecc44407caa3de75e6 hr-invisible  avia-builder-el-38  el_before_av_textblock  avia-builder-el-first '><span class='hr-inner '><span class=\"hr-inner-style\"><\/span><\/span><\/div>\n\n<style type=\"text\/css\" data-created_by=\"avia_inline_auto\" id=\"style-css-av-1jrhn1s-5080c16e45aacc5171826c52a6937d4f\">\n#top .av_textblock_section.av-1jrhn1s-5080c16e45aacc5171826c52a6937d4f .avia_textblock{\nfont-size:25px;\n}\n<\/style>\n<section  class='av_textblock_section av-1jrhn1s-5080c16e45aacc5171826c52a6937d4f'  itemscope=\"itemscope\" itemtype=\"https:\/\/schema.org\/CreativeWork\" ><div class='avia_textblock'  itemprop=\"text\" ><p style=\"text-align: center;\"><span style=\"color: #ffffff;\">Descubre c\u00f3mo digitalizar la cadena de suministro y los procesos log\u00edsticos a trav\u00e9s de los dispositivos m\u00f3viles y las apps.\u00a0<\/span><\/p>\n<\/div><\/section>\n<div  class='avia-button-wrap avia-button-center  avia-builder-el-40  el_after_av_textblock  el_before_av_hr ' ><a href='#descargar-whitepaper'  class='avia-button av-lsn5z69x-2314011aec2e347fd54378056d286945 avia-icon_select-no avia-size-x-large avia-position-center avia-color-light' ><span class='avia_iconbox_title' >DESCARGAR WHITEPAPER<\/span><\/a><\/div>\n\n<style type=\"text\/css\" data-created_by=\"avia_inline_auto\" id=\"style-css-av-34crdc-566e8abb19f656c3a9f49bd815c17778\">\n#top .hr.hr-invisible.av-34crdc-566e8abb19f656c3a9f49bd815c17778{\nheight:15px;\n}\n<\/style>\n<div  class='hr av-34crdc-566e8abb19f656c3a9f49bd815c17778 hr-invisible  avia-builder-el-41  el_after_av_button  avia-builder-el-last '><span class='hr-inner '><span class=\"hr-inner-style\"><\/span><\/span><\/div>\n\n<\/div><\/div><\/div><!-- close content main div --><\/div><\/div><div id='av_section_7'  class='avia-section av-n01xo0-b30747e3d841ef0a37a000ae00e90308 main_color avia-section-default avia-no-border-styling  avia-builder-el-42  el_after_av_section  avia-builder-el-last  avia-bg-style-parallax container_wrap fullsize'  ><div class='container av-section-cont-open' ><div class='template-page content  av-content-full alpha units'><div class='post-entry post-entry-type-page post-entry-12336'><div class='entry-content-wrapper clearfix'>\n","protected":false},"excerpt":{"rendered":"","protected":false},"author":9,"featured_media":12886,"parent":0,"menu_order":0,"comment_status":"closed","ping_status":"closed","template":"template-blank.php","meta":{"footnotes":""},"class_list":["post-12336","page","type-page","status-publish","has-post-thumbnail","hentry"],"_links":{"self":[{"href":"https:\/\/abamobile.com\/web\/wp-json\/wp\/v2\/pages\/12336","targetHints":{"allow":["GET"]}}],"collection":[{"href":"https:\/\/abamobile.com\/web\/wp-json\/wp\/v2\/pages"}],"about":[{"href":"https:\/\/abamobile.com\/web\/wp-json\/wp\/v2\/types\/page"}],"author":[{"embeddable":true,"href":"https:\/\/abamobile.com\/web\/wp-json\/wp\/v2\/users\/9"}],"replies":[{"embeddable":true,"href":"https:\/\/abamobile.com\/web\/wp-json\/wp\/v2\/comments?post=12336"}],"version-history":[{"count":0,"href":"https:\/\/abamobile.com\/web\/wp-json\/wp\/v2\/pages\/12336\/revisions"}],"wp:featuredmedia":[{"embeddable":true,"href":"https:\/\/abamobile.com\/web\/wp-json\/wp\/v2\/media\/12886"}],"wp:attachment":[{"href":"https:\/\/abamobile.com\/web\/wp-json\/wp\/v2\/media?parent=12336"}],"curies":[{"name":"wp","href":"https:\/\/api.w.org\/{rel}","templated":true}]}}