{"id":10275,"date":"2021-03-25T11:01:23","date_gmt":"2021-03-25T10:01:23","guid":{"rendered":"https:\/\/abamobile.com\/web\/?page_id=10275"},"modified":"2024-02-28T10:18:26","modified_gmt":"2024-02-28T09:18:26","slug":"suscribete-newsletter-abamobile","status":"publish","type":"page","link":"https:\/\/abamobile.com\/web\/suscribete-newsletter-abamobile\/","title":{"rendered":"Suscr\u00edbete a la newsletter"},"content":{"rendered":"<div id='av_section_1'  class='avia-section av-av_section-f3892e610ee9633c68397830e8f2c661 main_color avia-section-default avia-no-border-styling  avia-builder-el-0  avia-builder-el-no-sibling  avia-bg-style-scroll container_wrap fullsize'  ><div class='container av-section-cont-open' ><main  role=\"main\" itemprop=\"mainContentOfPage\"  class='template-page content  av-content-full alpha units'><div class='post-entry post-entry-type-page post-entry-10275'><div class='entry-content-wrapper clearfix'>\n\n<style type=\"text\/css\" data-created_by=\"avia_inline_auto\" id=\"style-css-av-av_one_half-15d750bd1b332b34c6e70b077ebbccdf\">\n.flex_column.av-av_one_half-15d750bd1b332b34c6e70b077ebbccdf{\nborder-radius:0px 0px 0px 0px;\n-webkit-border-radius:0px 0px 0px 0px;\n-moz-border-radius:0px 0px 0px 0px;\n}\n<\/style>\n<div class='flex_column av-av_one_half-15d750bd1b332b34c6e70b077ebbccdf av_one_half  avia-builder-el-1  el_before_av_one_half  avia-builder-el-first  first flex_column_div av-zero-column-padding '   ><section  class='av_textblock_section av-av_textblock-2de302bf1aa3cf4c9157dbe6f50ac7eb'  itemscope=\"itemscope\" itemtype=\"https:\/\/schema.org\/CreativeWork\" ><div class='avia_textblock'  itemprop=\"text\" ><h1>\u00a1Ap\u00fantate a nuestra newsletter!<\/h1>\n<\/div><\/section><br \/>\n\n<style type=\"text\/css\" data-created_by=\"avia_inline_auto\" id=\"style-css-av-av_hr-373523e22f0366b13a549278f1ad345e\">\n#top .hr.hr-invisible.av-av_hr-373523e22f0366b13a549278f1ad345e{\nheight:10px;\n}\n<\/style>\n<div  class='hr av-av_hr-373523e22f0366b13a549278f1ad345e hr-invisible  avia-builder-el-3  el_after_av_textblock  el_before_av_textblock '><span class='hr-inner '><span class=\"hr-inner-style\"><\/span><\/span><\/div><br \/>\n\n<style type=\"text\/css\" data-created_by=\"avia_inline_auto\" id=\"style-css-av-av_textblock-586e525e8b2f90af96d78819b81aa3fa\">\n#top .av_textblock_section.av-av_textblock-586e525e8b2f90af96d78819b81aa3fa .avia_textblock{\nfont-size:15px;\n}\n<\/style>\n<section  class='av_textblock_section av-av_textblock-586e525e8b2f90af96d78819b81aa3fa'  itemscope=\"itemscope\" itemtype=\"https:\/\/schema.org\/CreativeWork\" ><div class='avia_textblock'  itemprop=\"text\" ><p>Desde el equipo de ABAMobile queremos estar m\u00e1s cerca de ti y <strong><span style=\"color: #333333;\">contarte todo lo que sabemos sobre tecnolog\u00eda y aplicaciones m\u00f3viles<\/span><\/strong>.<\/p>\n<p>Prometemos que no vamos a ser pesados, s\u00f3lo sabr\u00e1s de nosotros\u00a0<strong><span style=\"color: #333333;\">una vez al mes<\/span><\/strong> donde te contaremos lo m\u00e1s interesante del sector. Qu\u00e9 dices, <strong><span style=\"color: #333333;\">\u00bfte unes?<\/span><\/strong><\/p>\n<p>Rellena el siguiente formulario para suscribirte.<\/p>\n<\/div><\/section><br \/>\n\n<style type=\"text\/css\" data-created_by=\"avia_inline_auto\" id=\"style-css-av-av_hr-bbe676ee29fcde2ee286114023beb888\">\n#top .hr.hr-invisible.av-av_hr-bbe676ee29fcde2ee286114023beb888{\nheight:15px;\n}\n<\/style>\n<div  class='hr av-av_hr-bbe676ee29fcde2ee286114023beb888 hr-invisible  avia-builder-el-5  el_after_av_textblock  el_before_av_codeblock '><span class='hr-inner '><span class=\"hr-inner-style\"><\/span><\/span><\/div><br \/>\n<\/p><\/div>\n<style type=\"text\/css\" data-created_by=\"avia_inline_auto\" id=\"style-css-av-av_one_half-c8fc129dc35fd1ae2a1e410224d39ea8\">\n.flex_column.av-av_one_half-c8fc129dc35fd1ae2a1e410224d39ea8{\nborder-radius:0px 0px 0px 0px;\n-webkit-border-radius:0px 0px 0px 0px;\n-moz-border-radius:0px 0px 0px 0px;\n}\n<\/style>\n<div class='flex_column av-av_one_half-c8fc129dc35fd1ae2a1e410224d39ea8 av_one_half  avia-builder-el-7  el_after_av_one_half  avia-builder-el-last  flex_column_div av-zero-column-padding '   ><p>\n<style type=\"text\/css\" data-created_by=\"avia_inline_auto\" id=\"style-css-av-av_hr-2712b5c40a288d90a102a8ad700e525a\">\n#top .hr.hr-invisible.av-av_hr-2712b5c40a288d90a102a8ad700e525a{\nheight:80px;\n}\n<\/style>\n<div  class='hr av-av_hr-2712b5c40a288d90a102a8ad700e525a hr-invisible  avia-builder-el-8  el_before_av_icon_box  avia-builder-el-first  av-mini-hide'><span class='hr-inner '><span class=\"hr-inner-style\"><\/span><\/span><\/div><br \/>\n\n<style type=\"text\/css\" data-created_by=\"avia_inline_auto\" id=\"style-css-av-av_icon_box-c7a15bbf9bb93ccdcefc58752787f088\">\n.iconbox.av-av_icon_box-c7a15bbf9bb93ccdcefc58752787f088 .iconbox_icon{\ncolor:#3b96b4;\n}\n#top #wrap_all .iconbox.av-av_icon_box-c7a15bbf9bb93ccdcefc58752787f088 .iconbox_content_title{\ncolor:#3b96b4;\n}\n<\/style>\n<article  class='iconbox iconbox_left_content av-av_icon_box-c7a15bbf9bb93ccdcefc58752787f088 av-icon-style-no-border  avia-builder-el-9  el_after_av_hr  el_before_av_hr '  itemscope=\"itemscope\" itemtype=\"https:\/\/schema.org\/CreativeWork\" ><div class=\"iconbox_icon heading-color\" aria-hidden='true' data-av_icon='\ue812' data-av_iconfont='entypo-fontello'><\/div><div class=\"iconbox_content\"><header class=\"entry-content-header\"><h3 class='iconbox_content_title '  itemprop=\"headline\" >Conoce las \u00faltimas noticias del sector<\/h3><\/header><div class='iconbox_content_container '  itemprop=\"text\" ><p>Desde ABAMobile queremos estar m\u00e1s cerca de ti y para mejorar el contacto hemos decidido crear esta newsletter donde podr\u00e1s enterarte de <strong><span style=\"color: #333333;\">todas las novedades<\/span><\/strong> antes que nadie.<\/p>\n<\/div><\/div><footer class=\"entry-footer\"><\/footer><\/article><br \/>\n\n<style type=\"text\/css\" data-created_by=\"avia_inline_auto\" id=\"style-css-av-av_hr-bbe676ee29fcde2ee286114023beb888\">\n#top .hr.hr-invisible.av-av_hr-bbe676ee29fcde2ee286114023beb888{\nheight:15px;\n}\n<\/style>\n<div  class='hr av-av_hr-bbe676ee29fcde2ee286114023beb888 hr-invisible  avia-builder-el-10  el_after_av_icon_box  el_before_av_icon_box '><span class='hr-inner '><span class=\"hr-inner-style\"><\/span><\/span><\/div><br \/>\n\n<style type=\"text\/css\" data-created_by=\"avia_inline_auto\" id=\"style-css-av-av_icon_box-0038e785756b598361f9219e2d834f72\">\n.iconbox.av-av_icon_box-0038e785756b598361f9219e2d834f72 .iconbox_icon{\ncolor:#3b96b4;\n}\n#top #wrap_all .iconbox.av-av_icon_box-0038e785756b598361f9219e2d834f72 .iconbox_content_title{\ncolor:#3b96b4;\n}\n<\/style>\n<article  class='iconbox iconbox_left_content av-av_icon_box-0038e785756b598361f9219e2d834f72 av-icon-style-no-border  avia-builder-el-11  el_after_av_hr  el_before_av_hr '  itemscope=\"itemscope\" itemtype=\"https:\/\/schema.org\/CreativeWork\" ><div class=\"iconbox_icon heading-color\" aria-hidden='true' data-av_icon='\ue812' data-av_iconfont='entypo-fontello'><\/div><div class=\"iconbox_content\"><header class=\"entry-content-header\"><h3 class='iconbox_content_title '  itemprop=\"headline\" >Suscribirse es muy f\u00e1cil<\/h3><\/header><div class='iconbox_content_container '  itemprop=\"text\" ><p>Para unirte a la newsletter s\u00f3lo tendr\u00e1s que <strong><span style=\"color: #333333;\">introducir tu email y tu nombre<\/span><\/strong> y por supuesto aceptar la casilla para recibir el bolet\u00edn mensual. \u00a1Simplemente eso! F\u00e1cil, \u00bfno?<\/p>\n<\/div><\/div><footer class=\"entry-footer\"><\/footer><\/article><br \/>\n\n<style type=\"text\/css\" data-created_by=\"avia_inline_auto\" id=\"style-css-av-av_hr-bbe676ee29fcde2ee286114023beb888\">\n#top .hr.hr-invisible.av-av_hr-bbe676ee29fcde2ee286114023beb888{\nheight:15px;\n}\n<\/style>\n<div  class='hr av-av_hr-bbe676ee29fcde2ee286114023beb888 hr-invisible  avia-builder-el-12  el_after_av_icon_box  el_before_av_icon_box '><span class='hr-inner '><span class=\"hr-inner-style\"><\/span><\/span><\/div><br \/>\n\n<style type=\"text\/css\" data-created_by=\"avia_inline_auto\" id=\"style-css-av-av_icon_box-b891f71bc0dbe2f994b6237b9e8293b4\">\n.iconbox.av-av_icon_box-b891f71bc0dbe2f994b6237b9e8293b4 .iconbox_icon{\ncolor:#3b96b4;\n}\n#top #wrap_all .iconbox.av-av_icon_box-b891f71bc0dbe2f994b6237b9e8293b4 .iconbox_content_title{\ncolor:#3b96b4;\n}\n<\/style>\n<article  class='iconbox iconbox_left_content av-av_icon_box-b891f71bc0dbe2f994b6237b9e8293b4 av-icon-style-no-border  avia-builder-el-13  el_after_av_hr  avia-builder-el-last '  itemscope=\"itemscope\" itemtype=\"https:\/\/schema.org\/CreativeWork\" ><div class=\"iconbox_icon heading-color\" aria-hidden='true' data-av_icon='\ue812' data-av_iconfont='entypo-fontello'><\/div><div class=\"iconbox_content\"><header class=\"entry-content-header\"><h3 class='iconbox_content_title '  itemprop=\"headline\" >Inf\u00f3rmate de las novedades sobre apps<\/h3><\/header><div class='iconbox_content_container '  itemprop=\"text\" ><p>Recibir\u00e1s un <strong><span style=\"color: #333333;\">bolet\u00edn solamente una vez al mes<\/span><\/strong> donde te contaremos las \u00faltimas novedades del sector tecnol\u00f3gico y de las aplicaciones m\u00f3viles, adem\u00e1s de informarte de nuestros \u00faltimos productos y servicios y c\u00f3mo algunos clientes los est\u00e1n incorporando en sus empresas.<\/p>\n<\/div><\/div><footer class=\"entry-footer\"><\/footer><\/article><\/p><\/div>\n","protected":false},"excerpt":{"rendered":"","protected":false},"author":9,"featured_media":17965,"parent":0,"menu_order":0,"comment_status":"closed","ping_status":"closed","template":"","meta":{"footnotes":""},"class_list":["post-10275","page","type-page","status-publish","has-post-thumbnail","hentry"],"_links":{"self":[{"href":"https:\/\/abamobile.com\/web\/wp-json\/wp\/v2\/pages\/10275","targetHints":{"allow":["GET"]}}],"collection":[{"href":"https:\/\/abamobile.com\/web\/wp-json\/wp\/v2\/pages"}],"about":[{"href":"https:\/\/abamobile.com\/web\/wp-json\/wp\/v2\/types\/page"}],"author":[{"embeddable":true,"href":"https:\/\/abamobile.com\/web\/wp-json\/wp\/v2\/users\/9"}],"replies":[{"embeddable":true,"href":"https:\/\/abamobile.com\/web\/wp-json\/wp\/v2\/comments?post=10275"}],"version-history":[{"count":0,"href":"https:\/\/abamobile.com\/web\/wp-json\/wp\/v2\/pages\/10275\/revisions"}],"wp:featuredmedia":[{"embeddable":true,"href":"https:\/\/abamobile.com\/web\/wp-json\/wp\/v2\/media\/17965"}],"wp:attachment":[{"href":"https:\/\/abamobile.com\/web\/wp-json\/wp\/v2\/media?parent=10275"}],"curies":[{"name":"wp","href":"https:\/\/api.w.org\/{rel}","templated":true}]}}